{"id":7389,"date":"2019-12-13T12:41:41","date_gmt":"2019-12-13T12:41:41","guid":{"rendered":"https:\/\/www.vukmir.net\/?page_id=7389\/"},"modified":"2019-12-13T12:41:41","modified_gmt":"2019-12-13T12:41:41","slug":"drustveno-odgovorno-poslovanje","status":"publish","type":"page","link":"https:\/\/www.vukmir.net\/hr\/drustveno-odgovorno-poslovanje\/","title":{"rendered":"Dru\u0161tveno odgovorno poslovanje"},"content":{"rendered":"[vc_row type=&#8221;in_container&#8221; full_screen_row_position=&#8221;middle&#8221; scene_position=&#8221;center&#8221; text_color=&#8221;dark&#8221; text_align=&#8221;left&#8221; overlay_strength=&#8221;0.3&#8243;][vc_column column_padding=&#8221;no-extra-padding&#8221; column_padding_position=&#8221;all&#8221; background_color_opacity=&#8221;1&#8243; background_hover_color_opacity=&#8221;1&#8243; column_shadow=&#8221;none&#8221; width=&#8221;1\/1&#8243; tablet_text_alignment=&#8221;default&#8221; phone_text_alignment=&#8221;default&#8221; column_border_width=&#8221;none&#8221; column_border_style=&#8221;solid&#8221;]\r\n    <div class=\"col span_12 section-title text-align-center extra-padding\">\r\n\t\t<h2>\n<h2>Dru\u0161tveno odgovorno poslovanje (DOP)<\/h2>\n<\/h2><\/div><div class=\"clear\"><\/div>[vc_column_text]\n<p style=\"text-align: center;\">DOP je te je oduvijek bio temeljni dio na\u0161ih vrijednosti i sastavni dio na\u0161eg poslovanja. Ovo se posebno odra\u017eava na sljede\u0107e aspekte:<\/p>\n[\/vc_column_text][\/vc_column][\/vc_row][vc_row type=&#8221;in_container&#8221; full_screen_row_position=&#8221;middle&#8221; scene_position=&#8221;center&#8221; text_color=&#8221;dark&#8221; text_align=&#8221;left&#8221; overlay_strength=&#8221;0.3&#8243;][vc_column enable_animation=&#8221;true&#8221; animation=&#8221;fade-in-from-left&#8221; column_padding=&#8221;padding-3-percent&#8221; column_padding_position=&#8221;all&#8221; background_color_opacity=&#8221;1&#8243; background_hover_color_opacity=&#8221;1&#8243; column_shadow=&#8221;none&#8221; width=&#8221;1\/2&#8243; tablet_text_alignment=&#8221;default&#8221; phone_text_alignment=&#8221;default&#8221; column_border_width=&#8221;none&#8221; column_border_style=&#8221;solid&#8221;][vc_column_text]\n<h4>Ljudi<\/h4>\n<hr \/>\n<p>Uvjereni smo da je pojedinac najve\u0107a dru\u0161tvena vrijednost. VUKMIR I SURADNICI ustraje na stalnom obrazovanju svog osoblja. Stoga pru\u017eamo podr\u0161ku (financijsku i ostalu) na\u0161im zaposlenicima kada odlu\u010de u\u010diti te svoje obrazovanje podi\u0107i na vi\u0161u razinu s ciljem koji bi im omogu\u0107io postizanje samoispunjenja i sre\u0107e kroz osobni razvoj.<\/p>\n<p>Na\u0161i partneri i zaposlenici redovito su prisutni na raznim lokalnim i me\u0111unarodnim seminarima i konferencijama kao sudionici i govornici. Svojim zaposlenicima pru\u017eamo prilike da se specijaliziraju i steknu posebno znanje u podru\u010djima svog interesa.<\/p>\n<p>VUKMIR I SURADNICI vjeruje u dijeljenje svog znanja s drugima, posebice mla\u0111im ljudima, tako da kao pripravnike uvijek ugo\u0161\u0107avamo studente i\/ili mlade stru\u010dnjake iz razli\u010ditih zemalja. Na\u0161e dru\u0161tvo razvija i provodi programe kratkoro\u010dnih ili srednjoro\u010dnih praksi u na\u0161em uredu, samostalno ili kroz razli\u010dite programe i projekte visoko\u0161kolskog obrazovanja, kao \u0161to je shema Europske unije ERASMUS, Europski centar za karijerno obrazovanje u Pragu ili Sveu\u010dili\u0161te u San Franciscu, Pravni fakultet.[\/vc_column_text][\/vc_column][vc_column enable_animation=&#8221;true&#8221; animation=&#8221;fade-in-from-right&#8221; column_padding=&#8221;padding-3-percent&#8221; column_padding_position=&#8221;all&#8221; background_color_opacity=&#8221;1&#8243; background_hover_color_opacity=&#8221;1&#8243; column_shadow=&#8221;none&#8221; width=&#8221;1\/2&#8243; tablet_text_alignment=&#8221;default&#8221; phone_text_alignment=&#8221;default&#8221; column_border_width=&#8221;none&#8221; column_border_style=&#8221;solid&#8221; delay=&#8221;200&#8243;][vc_column_text]\n<h4>Razli\u010ditost<\/h4>\n<hr \/>\n<p>Od po\u010detka postojanja na\u0161eg dru\u0161tva, mi smo poslodavac koji pru\u017ea jednake mogu\u0107nosti zapo\u0161ljavanja. Oduvijek zapo\u0161ljavamo zaposlenike razli\u010ditog etni\u010dkog i nacionalnog porijekla, koji govore razne jezike i pripadaju razli\u010ditim religijama i zajednicama. Ovo se odra\u017eava u \u010dinjenici da 68% posto na\u0161ih zaposlenika \u010dine \u017eene te su 2 od 4 \u010dlana uprave \u017eene.<\/p>\n<p>Uvjereni smo da samo dru\u0161tveno okru\u017eenje u kojem se prepoznaju, po\u0161tuju i njeguju razli\u010ditosti vodi na\u0161a dru\u0161tva u smislenu budu\u0107nost.[\/vc_column_text][\/vc_column][\/vc_row][vc_row type=&#8221;in_container&#8221; full_screen_row_position=&#8221;middle&#8221; scene_position=&#8221;center&#8221; text_color=&#8221;dark&#8221; text_align=&#8221;left&#8221; overlay_strength=&#8221;0.3&#8243;][vc_column enable_animation=&#8221;true&#8221; animation=&#8221;fade-in-from-left&#8221; column_padding=&#8221;padding-3-percent&#8221; column_padding_position=&#8221;all&#8221; background_color_opacity=&#8221;1&#8243; background_hover_color_opacity=&#8221;1&#8243; column_shadow=&#8221;none&#8221; width=&#8221;1\/2&#8243; tablet_text_alignment=&#8221;default&#8221; phone_text_alignment=&#8221;default&#8221; column_border_width=&#8221;none&#8221; column_border_style=&#8221;solid&#8221; delay=&#8221;200&#8243;][vc_column_text]\n<h4><em>Pro bono<\/em> rad<\/h4>\n<hr \/>\n<p>VUKMIR I SURADNICI bavi se specifi\u010dnim pro bono radom ne samo po slu\u017ebenoj du\u017enosti u okviru pravne pomo\u0107i nego i na vlastitu inicijativu pru\u017eaju\u0107i tako doprinos zajednici u kojoj \u017eivimo. Poma\u017eemo osobito mladim ljudima i start-up dru\u0161tvima daju\u0107i inicijalne savjete uz povoljnije naknade od uobi\u010dajenih. Tako\u0111er sudjelujemo na raznim seminarima i obukama odr\u017eavaju\u0107i predavanja o izgradnji strate\u0161kih planova poslovanja za start-up dru\u0161tva i o izgradnji uspje\u0161nih strategija za razvoj vrijednosti nematerijalne imovine dru\u0161tava.<\/p>\n<p>Osim toga, budu\u0107i da vjerujemo da su kreativni pojedinci zalog razvoja dru\u0161tava, poma\u017eemo lokalnim umjetnicima svojim savjetima koje vrlo \u010desto pru\u017eamo pod povla\u0161tenim uvjetima. Povrh toga, nastojimo podr\u017eati vrijedne dru\u0161tvene inicijative, pa smo tako, primjerice, donacijom iskazali podr\u0161ku Hrvatskom glazbenom zavodu (<a href=\"https:\/\/www.hgz.hr\">https:\/\/www.hgz.hr<\/a>).<\/p>\n<p>Volontiramo u brojnim stru\u010dnim organizacijama te dajemo volonterski doprinos u razli\u010ditim odborima stru\u010dnih udruga, kao \u0161to su to ECTA (hrv. Udruga za \u017eigove Europskih zajednica), INTA (hrv. Me\u0111unarodna udruga za \u017eigove), AIPPI (hrv. Me\u0111unarodna udruga za za\u0161titu intelektualnog vlasni\u0161tva).[\/vc_column_text][\/vc_column][vc_column enable_animation=&#8221;true&#8221; animation=&#8221;fade-in-from-bottom&#8221; column_padding=&#8221;padding-3-percent&#8221; column_padding_position=&#8221;all&#8221; background_color_opacity=&#8221;1&#8243; background_hover_color_opacity=&#8221;1&#8243; column_shadow=&#8221;none&#8221; width=&#8221;1\/2&#8243; tablet_text_alignment=&#8221;default&#8221; phone_text_alignment=&#8221;default&#8221; column_border_width=&#8221;none&#8221; column_border_style=&#8221;solid&#8221; delay=&#8221;400&#8243;][vc_column_text]\n<h4>Okoli\u0161<\/h4>\n<hr \/>\n<p>Jako smo zabrinuti za okoli\u0161 i aktivno sudjelujemo u provo\u0111enju smjernica za odr\u017eivo radno mjesto. Stoga poku\u0161avamo koristiti isklju\u010divo lokalne proizvo\u0111a\u010de, recikliramo \u0161to je vi\u0161e mogu\u0107e, od baterija do papira, te smo se uklju\u010dili u program ureda bez plastike \u201ePlastic-Free Croatia\u201c.<\/p>\n<p>Od samih po\u010detaka svog rada pridr\u017eavali smo se jednostavnog obrasca \u201ereduce, reuse and recycle\u201c (hrv. smanji, ponovno upotrijebi, recikliraj) kao niti vodilje na\u0161e prisutnosti u okoli\u0161u. U vi\u0161e smo navrata pla\u0107ali naknade za neutralizaciju emisija ugljika za na\u0161a slu\u017ebena i privatna putovanja te pod povoljnim uvjetima davali generalne poslovne savjete za nekolicinu projekata vezanih za okoli\u0161 kao \u0161to su za projekt GEA@275 izumitelja prof. Sta\u0161e Pu\u0161kari\u0107a, koji je sudjelovao u dokumentarcu o okoli\u0161u Led u plamenu, u koprodukciji TreeMedije, Appian Wayja Leonarda DiCapria te HBO-a.[\/vc_column_text][\/vc_column][\/vc_row][vc_row type=&#8221;in_container&#8221; full_screen_row_position=&#8221;middle&#8221; scene_position=&#8221;center&#8221; text_color=&#8221;dark&#8221; text_align=&#8221;left&#8221; overlay_strength=&#8221;0.3&#8243;][vc_column column_padding=&#8221;no-extra-padding&#8221; column_padding_position=&#8221;all&#8221; background_color_opacity=&#8221;1&#8243; background_hover_color_opacity=&#8221;1&#8243; column_shadow=&#8221;none&#8221; width=&#8221;1\/1&#8243; tablet_text_alignment=&#8221;default&#8221; phone_text_alignment=&#8221;default&#8221; column_border_width=&#8221;none&#8221; column_border_style=&#8221;solid&#8221;]<div class=\"divider-wrap\"><div style=\"margin-top: 2px; height: 1px; margin-bottom: 2px;\" data-width=\"100%\" data-animate=\"\" data-animation-delay=\"\" data-color=\"default\" class=\"divider-border\"><\/div><\/div>[\/vc_column][\/vc_row]\n","protected":false},"excerpt":{"rendered":"<p>[vc_row type=&#8221;in_container&#8221; full_screen_row_position=&#8221;middle&#8221; scene_position=&#8221;center&#8221; text_color=&#8221;dark&#8221; text_align=&#8221;left&#8221; overlay_strength=&#8221;0.3&#8243;][vc_column column_padding=&#8221;no-extra-padding&#8221; column_padding_position=&#8221;all&#8221; background_color_opacity=&#8221;1&#8243; background_hover_color_opacity=&#8221;1&#8243; column_shadow=&#8221;none&#8221; width=&#8221;1\/1&#8243; tablet_text_alignment=&#8221;default&#8221; phone_text_alignment=&#8221;default&#8221; column_border_width=&#8221;none&#8221; column_border_style=&#8221;solid&#8221;][vc_column_text] DOP je te je oduvijek bio temeljni dio na\u0161ih vrijednosti i sastavni dio na\u0161eg poslovanja. Ovo se posebno odra\u017eava na sljede\u0107e aspekte: [\/vc_column_text][\/vc_column][\/vc_row][vc_row type=&#8221;in_container&#8221; full_screen_row_position=&#8221;middle&#8221; scene_position=&#8221;center&#8221; text_color=&#8221;dark&#8221; text_align=&#8221;left&#8221; overlay_strength=&#8221;0.3&#8243;][vc_column enable_animation=&#8221;true&#8221; animation=&#8221;fade-in-from-left&#8221; column_padding=&#8221;padding-3-percent&#8221; column_padding_position=&#8221;all&#8221;&#8230;<\/p>\n","protected":false},"author":4,"featured_media":0,"parent":0,"menu_order":0,"comment_status":"closed","ping_status":"closed","template":"","meta":{"footnotes":""},"class_list":["post-7389","page","type-page","status-publish","hentry"],"yoast_head":"<!-- This site is optimized with the Yoast SEO plugin v24.6 - https:\/\/yoast.com\/wordpress\/plugins\/seo\/ -->\n<title>Dru\u0161tveno odgovorno poslovanje - Vukmir and Associates<\/title>\n<meta name=\"robots\" content=\"index, follow, max-snippet:-1, max-image-preview:large, max-video-preview:-1\" \/>\n<link rel=\"canonical\" href=\"https:\/\/www.vukmir.net\/hr\/drustveno-odgovorno-poslovanje\/\" \/>\n<meta property=\"og:locale\" content=\"hr_HR\" \/>\n<meta property=\"og:type\" content=\"article\" \/>\n<meta property=\"og:title\" content=\"Dru\u0161tveno odgovorno poslovanje - Vukmir and Associates\" \/>\n<meta property=\"og:description\" content=\"[vc_row type=&#8221;in_container&#8221; full_screen_row_position=&#8221;middle&#8221; scene_position=&#8221;center&#8221; text_color=&#8221;dark&#8221; text_align=&#8221;left&#8221; overlay_strength=&#8221;0.3&#8243;][vc_column column_padding=&#8221;no-extra-padding&#8221; column_padding_position=&#8221;all&#8221; background_color_opacity=&#8221;1&#8243; background_hover_color_opacity=&#8221;1&#8243; column_shadow=&#8221;none&#8221; width=&#8221;1\/1&#8243; tablet_text_alignment=&#8221;default&#8221; phone_text_alignment=&#8221;default&#8221; column_border_width=&#8221;none&#8221; column_border_style=&#8221;solid&#8221;][vc_column_text] DOP je te je oduvijek bio temeljni dio na\u0161ih vrijednosti i sastavni dio na\u0161eg poslovanja. Ovo se posebno odra\u017eava na sljede\u0107e aspekte: [\/vc_column_text][\/vc_column][\/vc_row][vc_row type=&#8221;in_container&#8221; full_screen_row_position=&#8221;middle&#8221; scene_position=&#8221;center&#8221; text_color=&#8221;dark&#8221; text_align=&#8221;left&#8221; overlay_strength=&#8221;0.3&#8243;][vc_column enable_animation=&#8221;true&#8221; animation=&#8221;fade-in-from-left&#8221; column_padding=&#8221;padding-3-percent&#8221; column_padding_position=&#8221;all&#8221;...\" \/>\n<meta property=\"og:url\" content=\"https:\/\/www.vukmir.net\/hr\/drustveno-odgovorno-poslovanje\/\" \/>\n<meta property=\"og:site_name\" content=\"Vukmir and Associates\" \/>\n<meta property=\"og:image\" content=\"https:\/\/www.vukmir.net\/wp-content\/uploads\/2015\/07\/KAL6320.jpg\" \/>\n\t<meta property=\"og:image:width\" content=\"1920\" \/>\n\t<meta property=\"og:image:height\" content=\"1278\" \/>\n\t<meta property=\"og:image:type\" content=\"image\/jpeg\" \/>\n<meta name=\"twitter:card\" content=\"summary_large_image\" \/>\n<meta name=\"twitter:label1\" content=\"Procijenjeno vrijeme \u010ditanja\" \/>\n\t<meta name=\"twitter:data1\" content=\"5 minuta\" \/>\n<script type=\"application\/ld+json\" class=\"yoast-schema-graph\">{\"@context\":\"https:\/\/schema.org\",\"@graph\":[{\"@type\":\"WebPage\",\"@id\":\"https:\/\/www.vukmir.net\/hr\/drustveno-odgovorno-poslovanje\/\",\"url\":\"https:\/\/www.vukmir.net\/hr\/drustveno-odgovorno-poslovanje\/\",\"name\":\"Dru\u0161tveno odgovorno poslovanje - Vukmir and Associates\",\"isPartOf\":{\"@id\":\"https:\/\/www.vukmir.net\/#website\"},\"datePublished\":\"2019-12-13T12:41:41+00:00\",\"breadcrumb\":{\"@id\":\"https:\/\/www.vukmir.net\/hr\/drustveno-odgovorno-poslovanje\/#breadcrumb\"},\"inLanguage\":\"hr\",\"potentialAction\":[{\"@type\":\"ReadAction\",\"target\":[\"https:\/\/www.vukmir.net\/hr\/drustveno-odgovorno-poslovanje\/\"]}]},{\"@type\":\"BreadcrumbList\",\"@id\":\"https:\/\/www.vukmir.net\/hr\/drustveno-odgovorno-poslovanje\/#breadcrumb\",\"itemListElement\":[{\"@type\":\"ListItem\",\"position\":1,\"name\":\"Home\",\"item\":\"https:\/\/www.vukmir.net\/hr\/\"},{\"@type\":\"ListItem\",\"position\":2,\"name\":\"Dru\u0161tveno odgovorno poslovanje\"}]},{\"@type\":\"WebSite\",\"@id\":\"https:\/\/www.vukmir.net\/#website\",\"url\":\"https:\/\/www.vukmir.net\/\",\"name\":\"Vukmir and Associates\",\"description\":\"A new direction in IP and IA legal services\",\"potentialAction\":[{\"@type\":\"SearchAction\",\"target\":{\"@type\":\"EntryPoint\",\"urlTemplate\":\"https:\/\/www.vukmir.net\/?s={search_term_string}\"},\"query-input\":{\"@type\":\"PropertyValueSpecification\",\"valueRequired\":true,\"valueName\":\"search_term_string\"}}],\"inLanguage\":\"hr\"}]}<\/script>\n<!-- \/ Yoast SEO plugin. -->","yoast_head_json":{"title":"Dru\u0161tveno odgovorno poslovanje - Vukmir and Associates","robots":{"index":"index","follow":"follow","max-snippet":"max-snippet:-1","max-image-preview":"max-image-preview:large","max-video-preview":"max-video-preview:-1"},"canonical":"https:\/\/www.vukmir.net\/hr\/drustveno-odgovorno-poslovanje\/","og_locale":"hr_HR","og_type":"article","og_title":"Dru\u0161tveno odgovorno poslovanje - Vukmir and Associates","og_description":"[vc_row type=&#8221;in_container&#8221; full_screen_row_position=&#8221;middle&#8221; scene_position=&#8221;center&#8221; text_color=&#8221;dark&#8221; text_align=&#8221;left&#8221; overlay_strength=&#8221;0.3&#8243;][vc_column column_padding=&#8221;no-extra-padding&#8221; column_padding_position=&#8221;all&#8221; background_color_opacity=&#8221;1&#8243; background_hover_color_opacity=&#8221;1&#8243; column_shadow=&#8221;none&#8221; width=&#8221;1\/1&#8243; tablet_text_alignment=&#8221;default&#8221; phone_text_alignment=&#8221;default&#8221; column_border_width=&#8221;none&#8221; column_border_style=&#8221;solid&#8221;][vc_column_text] DOP je te je oduvijek bio temeljni dio na\u0161ih vrijednosti i sastavni dio na\u0161eg poslovanja. Ovo se posebno odra\u017eava na sljede\u0107e aspekte: [\/vc_column_text][\/vc_column][\/vc_row][vc_row type=&#8221;in_container&#8221; full_screen_row_position=&#8221;middle&#8221; scene_position=&#8221;center&#8221; text_color=&#8221;dark&#8221; text_align=&#8221;left&#8221; overlay_strength=&#8221;0.3&#8243;][vc_column enable_animation=&#8221;true&#8221; animation=&#8221;fade-in-from-left&#8221; column_padding=&#8221;padding-3-percent&#8221; column_padding_position=&#8221;all&#8221;...","og_url":"https:\/\/www.vukmir.net\/hr\/drustveno-odgovorno-poslovanje\/","og_site_name":"Vukmir and Associates","og_image":[{"width":1920,"height":1278,"url":"https:\/\/www.vukmir.net\/wp-content\/uploads\/2015\/07\/KAL6320.jpg","type":"image\/jpeg"}],"twitter_card":"summary_large_image","twitter_misc":{"Procijenjeno vrijeme \u010ditanja":"5 minuta"},"schema":{"@context":"https:\/\/schema.org","@graph":[{"@type":"WebPage","@id":"https:\/\/www.vukmir.net\/hr\/drustveno-odgovorno-poslovanje\/","url":"https:\/\/www.vukmir.net\/hr\/drustveno-odgovorno-poslovanje\/","name":"Dru\u0161tveno odgovorno poslovanje - Vukmir and Associates","isPartOf":{"@id":"https:\/\/www.vukmir.net\/#website"},"datePublished":"2019-12-13T12:41:41+00:00","breadcrumb":{"@id":"https:\/\/www.vukmir.net\/hr\/drustveno-odgovorno-poslovanje\/#breadcrumb"},"inLanguage":"hr","potentialAction":[{"@type":"ReadAction","target":["https:\/\/www.vukmir.net\/hr\/drustveno-odgovorno-poslovanje\/"]}]},{"@type":"BreadcrumbList","@id":"https:\/\/www.vukmir.net\/hr\/drustveno-odgovorno-poslovanje\/#breadcrumb","itemListElement":[{"@type":"ListItem","position":1,"name":"Home","item":"https:\/\/www.vukmir.net\/hr\/"},{"@type":"ListItem","position":2,"name":"Dru\u0161tveno odgovorno poslovanje"}]},{"@type":"WebSite","@id":"https:\/\/www.vukmir.net\/#website","url":"https:\/\/www.vukmir.net\/","name":"Vukmir and Associates","description":"A new direction in IP and IA legal services","potentialAction":[{"@type":"SearchAction","target":{"@type":"EntryPoint","urlTemplate":"https:\/\/www.vukmir.net\/?s={search_term_string}"},"query-input":{"@type":"PropertyValueSpecification","valueRequired":true,"valueName":"search_term_string"}}],"inLanguage":"hr"}]}},"_links":{"self":[{"href":"https:\/\/www.vukmir.net\/hr\/wp-json\/wp\/v2\/pages\/7389","targetHints":{"allow":["GET"]}}],"collection":[{"href":"https:\/\/www.vukmir.net\/hr\/wp-json\/wp\/v2\/pages"}],"about":[{"href":"https:\/\/www.vukmir.net\/hr\/wp-json\/wp\/v2\/types\/page"}],"author":[{"embeddable":true,"href":"https:\/\/www.vukmir.net\/hr\/wp-json\/wp\/v2\/users\/4"}],"replies":[{"embeddable":true,"href":"https:\/\/www.vukmir.net\/hr\/wp-json\/wp\/v2\/comments?post=7389"}],"version-history":[{"count":0,"href":"https:\/\/www.vukmir.net\/hr\/wp-json\/wp\/v2\/pages\/7389\/revisions"}],"wp:attachment":[{"href":"https:\/\/www.vukmir.net\/hr\/wp-json\/wp\/v2\/media?parent=7389"}],"curies":[{"name":"wp","href":"https:\/\/api.w.org\/{rel}","templated":true}]}}