{"id":7232,"date":"2018-06-06T13:42:50","date_gmt":"2018-06-06T13:42:50","guid":{"rendered":"https:\/\/www.vukmir.net\/?page_id=7232\/"},"modified":"2023-07-05T08:23:46","modified_gmt":"2023-07-05T08:23:46","slug":"pravila-o-kolacicima","status":"publish","type":"page","link":"https:\/\/www.vukmir.net\/hr\/pravila-o-kolacicima\/","title":{"rendered":"Kola\u010di\u0107i"},"content":{"rendered":"<p><strong class=\"boja\">Pravila o kola\u010di\u0107ima <\/strong><\/p>\n<p><strong class=\"boja\">VUKMIR I SURADNICI ODVJETNI\u010cKO DRU\u0160TVO d.o.o.<\/strong><\/p>\n<p>Vi mo\u017eete odlu\u010diti o kori\u0161tenju ili blokiranju kola\u010di\u0107a na na\u0161em mre\u017enom mjestu. Me\u0111utim, napominjemo kako na\u0161e mre\u017eno mjesto optimalno funkcionira samo ako je omogu\u0107eno kori\u0161tenje kola\u010di\u0107a.<\/p>\n<ol>\n<li class=\"boja\"><strong>\u0160to su kola\u010di\u0107i?<\/strong><\/li>\n<\/ol>\n<p>Kola\u010di\u0107i (engl. cookies) su male datoteke (paketi podataka) poslani s poslu\u017eitelja na ra\u010dunalo korisnika prilikom posjeta na\u0161em mre\u017enom mjestu koje se spremaju na disk korisnika. To omogu\u0107uje na\u0161em mre\u017enom mjestu prikupljanje statisti\u010dkih podataka o pona\u0161anju korisnika na\u0161eg mre\u017enog mjesta (npr. na kojim se dijelovima mre\u017enog mjesta korisnici zadr\u017eavaju najdu\u017ee, a gdje najkra\u0107e), koji se internetski preglednik koristi (npr. Google Chrome, Firefox, Microsoft Edge, Safari itd.) i sli\u010dno, te omogu\u0107uje da se prepozna Va\u0161e ra\u010dunalo kada nas sljede\u0107i put posjetite. Kola\u010di\u0107i ne predstavljaju zlonamjeran kod ili virus te se ne koriste s ciljem pristupa korisni\u010dkim podacima ili kako bi se pratile aktivnosti korisnika na\u0161eg mre\u017enog mjesta nakon napu\u0161tanja na\u0161eg mre\u017enog mjesta. Mre\u017eno mjesto Dru\u0161tva prati statisti\u010dku posje\u0107enost svojih stranica isklju\u010divo radi dobivanja informacija o privla\u010dnosti i uspje\u0161nosti mre\u017enog mjesta.<\/p>\n<ol start=\"2\">\n<li class=\"boja\"><strong>Vrste kola\u010di\u0107a<\/strong><\/li>\n<\/ol>\n<p>Postoje dvije glavne vrste kola\u010di\u0107a:<\/p>\n<ul>\n<li>Kola\u010di\u0107i prve strane koju izdaje web-lokacija koju ste posjetili, u ovom slu\u010daju, na\u0161e mre\u017eno mjesto. Ta web-lokacija navedena je u adresnoj traci.<\/li>\n<li>Kola\u010di\u0107i tre\u0107ih strana koje su izradile ostale web-lokacije. Nemamo kontrolu nad takvim kola\u010di\u0107ima. Potrebno je da provjerite odgovaraju\u0107a pravila o privatnosti tih tre\u0107ih strana. Vi\u0161e o tome kako tre\u0107e strane koriste ove vrste kola\u010di\u0107a dostupno je na sljede\u0107oj poveznici:\u00a0<a href=\"http:\/\/www.youronlinechoices.eu\/\">http:\/\/www.youronlinechoices.eu\/<\/a>.<\/li>\n<\/ul>\n<ol start=\"3\">\n<li class=\"boja\"><strong>Kola\u010di\u0107i koje koristi ovo mre\u017eno mjesto:<\/strong><\/li>\n<\/ol>\n<p>Ovo mre\u017eno mjesto koristi neophodne i ostale kola\u010di\u0107e \u010dija je svrha detaljnije poja\u0161njena u nastavku.<\/p>\n<p class=\"boja\"><strong>a) Neophodni kola\u010di\u0107i<\/strong><\/p>\n<p>Neophodni kola\u010di\u0107i omogu\u0107uju Vam osnovne funkcije poput navigacije po internetskoj stranici i mogu\u0107nost prijave u sigurna podru\u010dja bez kojih mre\u017eno mjesto ne mo\u017ee valjano funkcionirati.<\/p>\n<p>Na na\u0161em mre\u017enom mjestu to je:<br \/>\n-JSESSIONID<\/p>\n<p class=\"boja\"><strong>b) Ostali kola\u010di\u0107i<\/strong><\/p>\n<p>Kola\u010di\u0107i koji omogu\u0107uju mre\u017enom mjestu da zapamti informacije koje mijenjaju na\u010din na koji se mre\u017eno mjesto pona\u0161a ili izgleda, na primjer Va\u0161 \u017eeljeni jezik ili regiju u kojoj se nalazite.<\/p>\n<p>Na na\u0161em mre\u017enom mjestu to su:<br \/>\n&#8211; _icl_current_language<br \/>\n&#8211; lang<\/p>\n<p>Kola\u010di\u0107i koje koristi dru\u0161tvena mre\u017ea LinkedIn za pra\u0107enje kori\u0161tenja postavljenih usluga.<\/p>\n<p>Na na\u0161em mre\u017enom mjestu to su:<br \/>\n&#8211; bcookie<br \/>\n&#8211; bscookie<br \/>\n&#8211; leo_auth_token<br \/>\n&#8211; lidc<br \/>\n&#8211; visit<\/p>\n<p>Razni kola\u010di\u0107i koji se koriste za sljede\u0107e svrhe:<br \/>\n&#8211; UID i UIDR \u2013 koriste se za prikupljanje informacija o korisniku stranice te njihovom kretanju, poput vremenske oznake posjeta, nedavno u\u010ditanih stranica i IP adresa. Podatke koristi mre\u017ea za marketin\u0161ka istra\u017eivanja, Scorecard Research, za analizu uzoraka prometa i provo\u0111enje ankete kako bi svojim klijentima omogu\u0107ila bolje razumijevanje preferenci korisnika. Ti kola\u010di\u0107i su dio teme WordPress CMS koju koristi ovo mre\u017eno mjesto.<br \/>\n-cookie_notice_accepted \u2013 Ovaj kola\u010di\u0107 samo sadr\u017ei vrijednost \u201eistina\u201c koja ozna\u010dava da ste kliknuli gumb \u201eOK\u201c prikazan na prikazu obavijesti o kola\u010di\u0107ima. Ne sadr\u017ei nikakve osobne informacije. Njegova svrha je zapamtiti da ste prethodno prihvatili uporabu kola\u010di\u0107a tako da Vas ne mora podsje\u0107ati na kola\u010di\u0107e svaki put kada posjetite mre\u017eno mjesto.<br \/>\n&#8211; wpml_referer_url \u2013 Pohranjuje posljednji zatra\u017eeni URL na su\u010delju, dio je priklju\u010dka Word Press Multi Language.<br \/>\n&#8211; nectar_love_# \u2013 omogu\u0107uje funkcioniranje opcije \u201esvi\u0111a mi se\u201c na na\u0161em mre\u017enom mjestu(<a href=\"https:\/\/www.vukmir.net\/2013\/02\/18\/introduction-of-a-new-simple-limited-liability-company-model-in-the-croatian-legal-system\/\">https:\/\/www.vukmir.net\/2013\/02\/09\/introduction-of-a-new-simple-limited-liability-company-model-in-the-croatian-legal-system\/<\/a>).<\/p>\n<ol start=\"4\">\n<li class=\"boja\"><strong>Kako prihvatiti ili odbiti kola\u010di\u0107e<\/strong><\/li>\n<\/ol>\n<p>Mo\u017eete prihvatiti ili odbiti neke ili sve kola\u010di\u0107e prilago\u0111avanjem postavki Va\u0161eg preglednika. Vlasnici pretra\u017eiva\u010dkih trgova\u010dkih dru\u0161tava informiraju Vas o na\u010dinu upravljanja kola\u010di\u0107ima, na sljede\u0107im poveznicama mo\u017eete prona\u0107i informacije o tome kako promijeniti postavke za neke od naj\u010de\u0161\u0107e kori\u0161tenih internetskih preglednika:<\/p>\n<ul>\n<li><a href=\"https:\/\/support.google.com\/chrome\/answer\/95647?hl=en\"><strong>Google Chrome<\/strong><\/a><\/li>\n<li><a href=\"https:\/\/support.mozilla.org\/en-US\/kb\/cookies-information-websites-store-on-your-computer\"><strong>Mozilla Firefox<\/strong><\/a><\/li>\n<li><a href=\"https:\/\/support.apple.com\/kb\/PH5042?locale=en_US\"><strong>Safari (Desktop)<\/strong><\/a><\/li>\n<li><a href=\"https:\/\/support.apple.com\/en-us\/HT201265\"><strong>Safari (Mobile)<\/strong><\/a><\/li>\n<li><a href=\"http:\/\/support.google.com\/ics\/nexus\/bin\/answer.py?hl=en&amp;answer=2425067\"><strong>Android Browser<\/strong><\/a><\/li>\n<li><a href=\"http:\/\/www.opera.com\/help\"><strong>Opera<\/strong><\/a><\/li>\n<li><a href=\"http:\/\/www.opera.com\/help\/mobile\/android#privacy\"><strong>Opera Mobile<\/strong><\/a><\/li>\n<\/ul>\n<p>Tako\u0111er, postoje i aplikacije tre\u0107ih strana koje mo\u017eete dodati u preglednik kako biste blokirali ili upravljali kola\u010di\u0107ima. Mo\u017eete i izbrisati kola\u010di\u0107e koji su prethodno bili postavljeni u va\u0161 preglednik tako da odaberete opciju za brisanje povijesti pregledavanja i pritom uklju\u010dite i opciju brisanja kola\u010di\u0107a.<\/p>\n<p>Dodatne informacije o kola\u010di\u0107ima, uklju\u010duju\u0107i i informacije o tome kako vidjeti kola\u010di\u0107e postavljene na va\u0161em ure\u0111aju i kako njima upravljati te kako ih brisati, posjetite <a href=\"http:\/\/www.allaboutcookies.org\">www.allaboutcookies.org<\/a>.<\/p>\n<p>Mo\u017eete blokirati upotrebu nekih ili svih kola\u010di\u0107a koje koristimo na na\u0161em mre\u017enom mjestu, no to mo\u017ee utjecati na njegovu funkcionalnost.<\/p>\n<p><strong class=\"boja\">Ova Pravila o kola\u010di\u0107ima posljednji su put a\u017eurirana u lipnju 2023. godine.<\/strong><\/p>\n","protected":false},"excerpt":{"rendered":"<p>Pravila o kola\u010di\u0107ima VUKMIR I SURADNICI ODVJETNI\u010cKO DRU\u0160TVO d.o.o. Vi mo\u017eete odlu\u010diti o kori\u0161tenju ili blokiranju kola\u010di\u0107a na na\u0161em mre\u017enom mjestu. Me\u0111utim, napominjemo kako na\u0161e mre\u017eno mjesto optimalno funkcionira samo ako je omogu\u0107eno kori\u0161tenje kola\u010di\u0107a. \u0160to su kola\u010di\u0107i? Kola\u010di\u0107i (engl. cookies) su male datoteke (paketi podataka) poslani s poslu\u017eitelja na&#8230;<\/p>\n","protected":false},"author":4,"featured_media":0,"parent":0,"menu_order":0,"comment_status":"closed","ping_status":"closed","template":"","meta":{"footnotes":""},"class_list":["post-7232","page","type-page","status-publish","hentry"],"yoast_head":"<!-- This site is optimized with the Yoast SEO plugin v24.6 - https:\/\/yoast.com\/wordpress\/plugins\/seo\/ -->\n<title>Kola\u010di\u0107i - Vukmir and Associates<\/title>\n<meta name=\"robots\" content=\"index, follow, max-snippet:-1, max-image-preview:large, max-video-preview:-1\" \/>\n<link rel=\"canonical\" href=\"https:\/\/www.vukmir.net\/hr\/pravila-o-kolacicima\/\" \/>\n<meta property=\"og:locale\" content=\"hr_HR\" \/>\n<meta property=\"og:type\" content=\"article\" \/>\n<meta property=\"og:title\" content=\"Kola\u010di\u0107i - Vukmir and Associates\" \/>\n<meta property=\"og:description\" content=\"Pravila o kola\u010di\u0107ima VUKMIR I SURADNICI ODVJETNI\u010cKO DRU\u0160TVO d.o.o. Vi mo\u017eete odlu\u010diti o kori\u0161tenju ili blokiranju kola\u010di\u0107a na na\u0161em mre\u017enom mjestu. Me\u0111utim, napominjemo kako na\u0161e mre\u017eno mjesto optimalno funkcionira samo ako je omogu\u0107eno kori\u0161tenje kola\u010di\u0107a. \u0160to su kola\u010di\u0107i? Kola\u010di\u0107i (engl. cookies) su male datoteke (paketi podataka) poslani s poslu\u017eitelja na...\" \/>\n<meta property=\"og:url\" content=\"https:\/\/www.vukmir.net\/hr\/pravila-o-kolacicima\/\" \/>\n<meta property=\"og:site_name\" content=\"Vukmir and Associates\" \/>\n<meta property=\"article:modified_time\" content=\"2023-07-05T08:23:46+00:00\" \/>\n<meta property=\"og:image\" content=\"https:\/\/www.vukmir.net\/wp-content\/uploads\/2015\/07\/KAL6320.jpg\" \/>\n\t<meta property=\"og:image:width\" content=\"1920\" \/>\n\t<meta property=\"og:image:height\" content=\"1278\" \/>\n\t<meta property=\"og:image:type\" content=\"image\/jpeg\" \/>\n<meta name=\"twitter:card\" content=\"summary_large_image\" \/>\n<meta name=\"twitter:label1\" content=\"Procijenjeno vrijeme \u010ditanja\" \/>\n\t<meta name=\"twitter:data1\" content=\"3 minute\" \/>\n<script type=\"application\/ld+json\" class=\"yoast-schema-graph\">{\"@context\":\"https:\/\/schema.org\",\"@graph\":[{\"@type\":\"WebPage\",\"@id\":\"https:\/\/www.vukmir.net\/hr\/pravila-o-kolacicima\/\",\"url\":\"https:\/\/www.vukmir.net\/hr\/pravila-o-kolacicima\/\",\"name\":\"Kola\u010di\u0107i - Vukmir and Associates\",\"isPartOf\":{\"@id\":\"https:\/\/www.vukmir.net\/#website\"},\"datePublished\":\"2018-06-06T13:42:50+00:00\",\"dateModified\":\"2023-07-05T08:23:46+00:00\",\"breadcrumb\":{\"@id\":\"https:\/\/www.vukmir.net\/hr\/pravila-o-kolacicima\/#breadcrumb\"},\"inLanguage\":\"hr\",\"potentialAction\":[{\"@type\":\"ReadAction\",\"target\":[\"https:\/\/www.vukmir.net\/hr\/pravila-o-kolacicima\/\"]}]},{\"@type\":\"BreadcrumbList\",\"@id\":\"https:\/\/www.vukmir.net\/hr\/pravila-o-kolacicima\/#breadcrumb\",\"itemListElement\":[{\"@type\":\"ListItem\",\"position\":1,\"name\":\"Home\",\"item\":\"https:\/\/www.vukmir.net\/hr\/\"},{\"@type\":\"ListItem\",\"position\":2,\"name\":\"Kola\u010di\u0107i\"}]},{\"@type\":\"WebSite\",\"@id\":\"https:\/\/www.vukmir.net\/#website\",\"url\":\"https:\/\/www.vukmir.net\/\",\"name\":\"Vukmir and Associates\",\"description\":\"A new direction in IP and IA legal services\",\"potentialAction\":[{\"@type\":\"SearchAction\",\"target\":{\"@type\":\"EntryPoint\",\"urlTemplate\":\"https:\/\/www.vukmir.net\/?s={search_term_string}\"},\"query-input\":{\"@type\":\"PropertyValueSpecification\",\"valueRequired\":true,\"valueName\":\"search_term_string\"}}],\"inLanguage\":\"hr\"}]}<\/script>\n<!-- \/ Yoast SEO plugin. -->","yoast_head_json":{"title":"Kola\u010di\u0107i - Vukmir and Associates","robots":{"index":"index","follow":"follow","max-snippet":"max-snippet:-1","max-image-preview":"max-image-preview:large","max-video-preview":"max-video-preview:-1"},"canonical":"https:\/\/www.vukmir.net\/hr\/pravila-o-kolacicima\/","og_locale":"hr_HR","og_type":"article","og_title":"Kola\u010di\u0107i - Vukmir and Associates","og_description":"Pravila o kola\u010di\u0107ima VUKMIR I SURADNICI ODVJETNI\u010cKO DRU\u0160TVO d.o.o. Vi mo\u017eete odlu\u010diti o kori\u0161tenju ili blokiranju kola\u010di\u0107a na na\u0161em mre\u017enom mjestu. Me\u0111utim, napominjemo kako na\u0161e mre\u017eno mjesto optimalno funkcionira samo ako je omogu\u0107eno kori\u0161tenje kola\u010di\u0107a. \u0160to su kola\u010di\u0107i? Kola\u010di\u0107i (engl. cookies) su male datoteke (paketi podataka) poslani s poslu\u017eitelja na...","og_url":"https:\/\/www.vukmir.net\/hr\/pravila-o-kolacicima\/","og_site_name":"Vukmir and Associates","article_modified_time":"2023-07-05T08:23:46+00:00","og_image":[{"width":1920,"height":1278,"url":"https:\/\/www.vukmir.net\/wp-content\/uploads\/2015\/07\/KAL6320.jpg","type":"image\/jpeg"}],"twitter_card":"summary_large_image","twitter_misc":{"Procijenjeno vrijeme \u010ditanja":"3 minute"},"schema":{"@context":"https:\/\/schema.org","@graph":[{"@type":"WebPage","@id":"https:\/\/www.vukmir.net\/hr\/pravila-o-kolacicima\/","url":"https:\/\/www.vukmir.net\/hr\/pravila-o-kolacicima\/","name":"Kola\u010di\u0107i - Vukmir and Associates","isPartOf":{"@id":"https:\/\/www.vukmir.net\/#website"},"datePublished":"2018-06-06T13:42:50+00:00","dateModified":"2023-07-05T08:23:46+00:00","breadcrumb":{"@id":"https:\/\/www.vukmir.net\/hr\/pravila-o-kolacicima\/#breadcrumb"},"inLanguage":"hr","potentialAction":[{"@type":"ReadAction","target":["https:\/\/www.vukmir.net\/hr\/pravila-o-kolacicima\/"]}]},{"@type":"BreadcrumbList","@id":"https:\/\/www.vukmir.net\/hr\/pravila-o-kolacicima\/#breadcrumb","itemListElement":[{"@type":"ListItem","position":1,"name":"Home","item":"https:\/\/www.vukmir.net\/hr\/"},{"@type":"ListItem","position":2,"name":"Kola\u010di\u0107i"}]},{"@type":"WebSite","@id":"https:\/\/www.vukmir.net\/#website","url":"https:\/\/www.vukmir.net\/","name":"Vukmir and Associates","description":"A new direction in IP and IA legal services","potentialAction":[{"@type":"SearchAction","target":{"@type":"EntryPoint","urlTemplate":"https:\/\/www.vukmir.net\/?s={search_term_string}"},"query-input":{"@type":"PropertyValueSpecification","valueRequired":true,"valueName":"search_term_string"}}],"inLanguage":"hr"}]}},"_links":{"self":[{"href":"https:\/\/www.vukmir.net\/hr\/wp-json\/wp\/v2\/pages\/7232","targetHints":{"allow":["GET"]}}],"collection":[{"href":"https:\/\/www.vukmir.net\/hr\/wp-json\/wp\/v2\/pages"}],"about":[{"href":"https:\/\/www.vukmir.net\/hr\/wp-json\/wp\/v2\/types\/page"}],"author":[{"embeddable":true,"href":"https:\/\/www.vukmir.net\/hr\/wp-json\/wp\/v2\/users\/4"}],"replies":[{"embeddable":true,"href":"https:\/\/www.vukmir.net\/hr\/wp-json\/wp\/v2\/comments?post=7232"}],"version-history":[{"count":0,"href":"https:\/\/www.vukmir.net\/hr\/wp-json\/wp\/v2\/pages\/7232\/revisions"}],"wp:attachment":[{"href":"https:\/\/www.vukmir.net\/hr\/wp-json\/wp\/v2\/media?parent=7232"}],"curies":[{"name":"wp","href":"https:\/\/api.w.org\/{rel}","templated":true}]}}