{"id":6908,"date":"2017-05-11T11:25:31","date_gmt":"2017-05-11T11:25:31","guid":{"rendered":"http:\/\/www.vukmir.net\/?page_id=6908\/"},"modified":"2020-01-14T16:14:18","modified_gmt":"2020-01-14T16:14:18","slug":"o-nama","status":"publish","type":"page","link":"https:\/\/www.vukmir.net\/hr\/o-nama\/","title":{"rendered":"O nama"},"content":{"rendered":"[vc_row type=&#8221;full_width_background&#8221; full_screen_row_position=&#8221;middle&#8221; bg_image=&#8221;6165&#8243; bg_position=&#8221;left top&#8221; bg_repeat=&#8221;no-repeat&#8221; scene_position=&#8221;top&#8221; layer_one_image=&#8221;6166&#8243; layer_one_strength=&#8221;0.3&#8243; layer_two_image=&#8221;5373&#8243; layer_two_strength=&#8221;0.4&#8243; text_color=&#8221;light&#8221; text_align=&#8221;left&#8221; top_padding=&#8221;160&#8243; bottom_padding=&#8221;120&#8243; enable_gradient=&#8221;true&#8221; color_overlay=&#8221;#0a0a0a&#8221; color_overlay_2=&#8221;#5f5f5f&#8221; gradient_direction=&#8221;left_to_right&#8221; overlay_strength=&#8221;0.5&#8243;][vc_column enable_animation=&#8221;true&#8221; animation=&#8221;fade-in&#8221; column_padding=&#8221;no-extra-padding&#8221; column_padding_position=&#8221;all&#8221; background_color_opacity=&#8221;1&#8243; background_hover_color_opacity=&#8221;1&#8243; column_shadow=&#8221;none&#8221; width=&#8221;1\/1&#8243; tablet_text_alignment=&#8221;default&#8221; phone_text_alignment=&#8221;default&#8221; column_border_width=&#8221;none&#8221; column_border_style=&#8221;solid&#8221;][vc_column_text]\n<h2 style=\"text-align: center;\">Na\u0161a stru\u010dnost temelji se na znanju, trajnim vrijednostima, spremnosti na promjene i strate\u0161kom vodstvu.<\/h2>\n[\/vc_column_text][\/vc_column][\/vc_row][vc_row type=&#8221;full_width_content&#8221; full_screen_row_position=&#8221;middle&#8221; equal_height=&#8221;yes&#8221; scene_position=&#8221;center&#8221; text_color=&#8221;light&#8221; text_align=&#8221;left&#8221; overlay_strength=&#8221;0.3&#8243;][vc_column enable_animation=&#8221;true&#8221; animation=&#8221;fade-in-from-left&#8221; column_padding=&#8221;padding-7-percent&#8221; column_padding_position=&#8221;all&#8221; background_color=&#8221;#840b55&#8243; background_color_opacity=&#8221;1&#8243; background_hover_color_opacity=&#8221;1&#8243; column_shadow=&#8221;none&#8221; width=&#8221;1\/2&#8243; tablet_text_alignment=&#8221;default&#8221; phone_text_alignment=&#8221;default&#8221; column_border_width=&#8221;none&#8221; column_border_style=&#8221;solid&#8221; delay=&#8221;200&#8243;][vc_row_inner column_margin=&#8221;default&#8221; text_align=&#8221;left&#8221;][vc_column_inner enable_animation=&#8221;true&#8221; animation=&#8221;fade-in&#8221; column_padding=&#8221;no-extra-padding&#8221; column_padding_position=&#8221;all&#8221; background_color_opacity=&#8221;1&#8243; width=&#8221;1\/1&#8243; column_border_width=&#8221;none&#8221; column_border_style=&#8221;solid&#8221;]<div class=\"divider-wrap\"><div style=\"height: 10px;\" class=\"divider\"><\/div><\/div>[vc_column_text]\n<h4>Pravnici trebaju biti inovativni i kreativni kako bi mogli odgovoriti na potrebe stranaka na sve kompleksnijem tr\u017ei\u0161tu.<\/h4>\n[\/vc_column_text]<div class=\"divider-wrap\"><div style=\"height: 30px;\" class=\"divider\"><\/div><\/div>[vc_column_text]Ovime se povodimo ve\u0107 20 godina trude\u0107i se svojom fleksibilno\u0161\u0107u i razumijevanjem pru\u017eiti na\u0161im strankama inovativne usluge. Pri tome te\u017eimo visokim eti\u010dkim standardima i poslovnom ugledu kao temeljima na\u0161eg rasta. Ponosni smo \u0161to nas na\u0161e stranke smatraju pristupa\u010dnima i prilagodljivim potrebama koje se stalno mijenjaju te \u0161to su zadovoljne onime \u0161to radimo.[\/vc_column_text]<div class=\"divider-wrap\"><div style=\"height: 30px;\" class=\"divider\"><\/div><\/div>[vc_column_text]Nezavisno smo odvjetni\u010dko dru\u0161tvo specijalizirano na podru\u010dju trgova\u010dkog prava i prava dru\u0161tava te prava intelektualnog vlasni\u0161tva. Na\u0161 ured nalazi se u Zagrebu. Osim navedenih usluga pru\u017eamo i usluge zastupanja na podru\u010djima patenata i \u017eigova. Istra\u017euju\u0107i svakodnevno granice pitanja intelektualnog vlasni\u0161tva i nematerijalne imovine te njihovog odnosa s poslovnom strategijom, kao \u017eigovni i patentni zastupnici, osmislili smo <a class=\"click\" style=\"color: #888;\" href=\"https:\/\/www.vukmir.net\/hr\/strateske-usluge-koje-poticu-rast\/\">strate\u0161ka savjetodavna rje\u0161enja na podru\u010dju intelektualnog vlasni\u0161tva<\/a> namijenjena poslovnim subjektima koji poti\u010du rast. Kao odgovor na potra\u017enju za kreativnim i povoljnim alternativama parni\u010dnom postupku, zala\u017eemo se i poti\u010demo <a class=\"click\" style=\"color: #888;\" href=\"https:\/\/www.vukmir.net\/hr\/napredno-rjesavanje-sporova\/\">napredno rje\u0161avanje sporova (Advanced Dispute Resolution)<\/a>.[\/vc_column_text][\/vc_column_inner][\/vc_row_inner][\/vc_column][vc_column enable_animation=&#8221;true&#8221; animation=&#8221;fade-in-from-bottom&#8221; column_padding=&#8221;padding-7-percent&#8221; column_padding_position=&#8221;all&#8221; background_color_opacity=&#8221;1&#8243; background_hover_color_opacity=&#8221;1&#8243; background_image=&#8221;6811&#8243; enable_bg_scale=&#8221;true&#8221; column_shadow=&#8221;none&#8221; width=&#8221;1\/2&#8243; tablet_text_alignment=&#8221;default&#8221; phone_text_alignment=&#8221;default&#8221; column_border_width=&#8221;none&#8221; column_border_style=&#8221;solid&#8221; delay=&#8221;400&#8243;][\/vc_column][\/vc_row][vc_row type=&#8221;full_width_content&#8221; full_screen_row_position=&#8221;middle&#8221; equal_height=&#8221;yes&#8221; scene_position=&#8221;center&#8221; text_color=&#8221;light&#8221; text_align=&#8221;left&#8221; overlay_strength=&#8221;0.3&#8243;][vc_column enable_animation=&#8221;true&#8221; animation=&#8221;fade-in-from-left&#8221; column_padding=&#8221;padding-7-percent&#8221; column_padding_position=&#8221;all&#8221; background_color_opacity=&#8221;1&#8243; background_hover_color_opacity=&#8221;1&#8243; background_image=&#8221;6810&#8243; column_shadow=&#8221;none&#8221; width=&#8221;1\/2&#8243; tablet_text_alignment=&#8221;default&#8221; phone_text_alignment=&#8221;default&#8221; column_border_width=&#8221;none&#8221; column_border_style=&#8221;solid&#8221; delay=&#8221;200&#8243; offset=&#8221;vc_hidden-sm vc_hidden-xs&#8221;][\/vc_column][vc_column enable_animation=&#8221;true&#8221; animation=&#8221;fade-in-from-bottom&#8221; column_padding=&#8221;padding-7-percent&#8221; column_padding_position=&#8221;all&#8221; background_color=&#8221;#9cb4c6&#8243; background_color_opacity=&#8221;1&#8243; background_hover_color_opacity=&#8221;1&#8243; background_image=&#8221;5275&#8243; column_shadow=&#8221;none&#8221; width=&#8221;1\/2&#8243; tablet_text_alignment=&#8221;default&#8221; phone_text_alignment=&#8221;default&#8221; column_border_width=&#8221;none&#8221; column_border_style=&#8221;solid&#8221; delay=&#8221;400&#8243;][vc_row_inner column_margin=&#8221;default&#8221; text_align=&#8221;left&#8221;][vc_column_inner column_padding=&#8221;no-extra-padding&#8221; column_padding_position=&#8221;all&#8221; background_color_opacity=&#8221;1&#8243; width=&#8221;1\/1&#8243; column_border_width=&#8221;none&#8221; column_border_style=&#8221;solid&#8221;]<div class=\"divider-wrap\"><div style=\"height: 10px;\" class=\"divider\"><\/div><\/div>[vc_column_text]Na\u0161 stru\u010dni tim sastavljen je od petnaest pravnika, uklju\u010duju\u0107i i dva savjetnika, koji pru\u017eaju razli\u010dite oblike usluga i sveobuhvatnu pravnu pomo\u0107 na\u0161im raznolikim strankama me\u0111u kojima su trgova\u010dka dru\u0161tva, financijske institucije i odvjetni\u010dka dru\u0161tva na svjetskoj i regionalnoj razini, dok tim stru\u010dnih administratora zasposlenih u Odjelu prijava i za\u0161tite intelektualnog vlasni\u0161tva pru\u017ea odvjetnicima i strankama pomo\u0107 u poslovima patentnog i \u017eigovnog zastupanja.[\/vc_column_text]<div class=\"divider-wrap\"><div style=\"height: 30px;\" class=\"divider\"><\/div><\/div>[vc_column_text]Na\u0161i odvjetnici \u010dlanovi su razli\u010ditih me\u0111unarodnih udru\u017eenja kao \u0161to su Me\u0111unarodna odvjetni\u010dka komora (International Bar Association &#8211; IBA), Union Internationale des Avocats (UIA), Me\u0111unarodno udru\u017eenje za \u017eigove (International Trademark Association &#8211; INTA), Association Internationale pour la Protection de la Propriete Industrielle (AIPPI), International Technology Law Association (ITechLaw), Global Advertising Lawyers Alliance (GALA), Ameri\u010dka gospodarska komora (American Chamber of Commerce &#8211; AmCham), Pharmautical Trade Mark Group (PTMG), Hrvatska odvjetni\u010dka komora (HOK \u2013 CBA) i Komora hrvatskih zastupnika za patente i za \u017eigove. Zahvaljuju\u0107i suradnji s me\u0111unarodnim strankama te slijede\u0107i potrebe doma\u0107ih stranaka u me\u0111unarodnoj ekspanziji, razvili smo kvalitetnu mre\u017eu suradnika u cijelom svijetu.[\/vc_column_text]<div class=\"divider-wrap\"><div style=\"height: 30px;\" class=\"divider\"><\/div><\/div>[vc_column_text]\n<h4>\u017delja za stjecanjem novih znanja motivira nas da prona\u0111emo nova rje\u0161enja za postoje\u0107a pitanja.<\/h4>\n<h4>Zbog predanosti na\u0161em poslu i zanimanju koje gajimo prema Va\u0161oj djelatnosti nadamo se uspje\u0161noj zajedni\u010dkoj suradnji.<\/h4>\n[\/vc_column_text][\/vc_column_inner][\/vc_row_inner][\/vc_column][\/vc_row]\n","protected":false},"excerpt":{"rendered":"<p>[vc_row type=&#8221;full_width_background&#8221; full_screen_row_position=&#8221;middle&#8221; bg_image=&#8221;6165&#8243; bg_position=&#8221;left top&#8221; bg_repeat=&#8221;no-repeat&#8221; scene_position=&#8221;top&#8221; layer_one_image=&#8221;6166&#8243; layer_one_strength=&#8221;0.3&#8243; layer_two_image=&#8221;5373&#8243; layer_two_strength=&#8221;0.4&#8243; text_color=&#8221;light&#8221; text_align=&#8221;left&#8221; top_padding=&#8221;160&#8243; bottom_padding=&#8221;120&#8243; enable_gradient=&#8221;true&#8221; color_overlay=&#8221;#0a0a0a&#8221; color_overlay_2=&#8221;#5f5f5f&#8221; gradient_direction=&#8221;left_to_right&#8221; overlay_strength=&#8221;0.5&#8243;][vc_column enable_animation=&#8221;true&#8221; animation=&#8221;fade-in&#8221; column_padding=&#8221;no-extra-padding&#8221; column_padding_position=&#8221;all&#8221; background_color_opacity=&#8221;1&#8243; background_hover_color_opacity=&#8221;1&#8243; column_shadow=&#8221;none&#8221; width=&#8221;1\/1&#8243; tablet_text_alignment=&#8221;default&#8221; phone_text_alignment=&#8221;default&#8221; column_border_width=&#8221;none&#8221; column_border_style=&#8221;solid&#8221;][vc_column_text] Na\u0161a stru\u010dnost temelji se na znanju, trajnim vrijednostima, spremnosti na promjene i strate\u0161kom vodstvu. [\/vc_column_text][\/vc_column][\/vc_row][vc_row type=&#8221;full_width_content&#8221; full_screen_row_position=&#8221;middle&#8221;&#8230;<\/p>\n","protected":false},"author":2,"featured_media":0,"parent":0,"menu_order":0,"comment_status":"open","ping_status":"closed","template":"","meta":{"footnotes":""},"class_list":["post-6908","page","type-page","status-publish","hentry"],"yoast_head":"<!-- This site is optimized with the Yoast SEO plugin v24.6 - https:\/\/yoast.com\/wordpress\/plugins\/seo\/ -->\n<title>Vukmir i Suradnici - O nama - Vukmir and Associates<\/title>\n<meta name=\"robots\" content=\"index, follow, max-snippet:-1, max-image-preview:large, max-video-preview:-1\" \/>\n<link rel=\"canonical\" href=\"https:\/\/www.vukmir.net\/hr\/o-nama\/\" \/>\n<meta property=\"og:locale\" content=\"hr_HR\" \/>\n<meta property=\"og:type\" content=\"article\" \/>\n<meta property=\"og:title\" content=\"Vukmir i Suradnici - O nama - Vukmir and Associates\" \/>\n<meta property=\"og:description\" content=\"[vc_row type=&#8221;full_width_background&#8221; full_screen_row_position=&#8221;middle&#8221; bg_image=&#8221;6165&#8243; bg_position=&#8221;left top&#8221; bg_repeat=&#8221;no-repeat&#8221; scene_position=&#8221;top&#8221; layer_one_image=&#8221;6166&#8243; layer_one_strength=&#8221;0.3&#8243; layer_two_image=&#8221;5373&#8243; layer_two_strength=&#8221;0.4&#8243; text_color=&#8221;light&#8221; text_align=&#8221;left&#8221; top_padding=&#8221;160&#8243; bottom_padding=&#8221;120&#8243; enable_gradient=&#8221;true&#8221; color_overlay=&#8221;#0a0a0a&#8221; color_overlay_2=&#8221;#5f5f5f&#8221; gradient_direction=&#8221;left_to_right&#8221; overlay_strength=&#8221;0.5&#8243;][vc_column enable_animation=&#8221;true&#8221; animation=&#8221;fade-in&#8221; column_padding=&#8221;no-extra-padding&#8221; column_padding_position=&#8221;all&#8221; background_color_opacity=&#8221;1&#8243; background_hover_color_opacity=&#8221;1&#8243; column_shadow=&#8221;none&#8221; width=&#8221;1\/1&#8243; tablet_text_alignment=&#8221;default&#8221; phone_text_alignment=&#8221;default&#8221; column_border_width=&#8221;none&#8221; column_border_style=&#8221;solid&#8221;][vc_column_text] Na\u0161a stru\u010dnost temelji se na znanju, trajnim vrijednostima, spremnosti na promjene i strate\u0161kom vodstvu. [\/vc_column_text][\/vc_column][\/vc_row][vc_row type=&#8221;full_width_content&#8221; full_screen_row_position=&#8221;middle&#8221;...\" \/>\n<meta property=\"og:url\" content=\"https:\/\/www.vukmir.net\/hr\/o-nama\/\" \/>\n<meta property=\"og:site_name\" content=\"Vukmir and Associates\" \/>\n<meta property=\"article:modified_time\" content=\"2020-01-14T16:14:18+00:00\" \/>\n<meta property=\"og:image\" content=\"https:\/\/www.vukmir.net\/wp-content\/uploads\/2015\/07\/KAL6320.jpg\" \/>\n\t<meta property=\"og:image:width\" content=\"1920\" \/>\n\t<meta property=\"og:image:height\" content=\"1278\" \/>\n\t<meta property=\"og:image:type\" content=\"image\/jpeg\" \/>\n<meta name=\"twitter:card\" content=\"summary_large_image\" \/>\n<meta name=\"twitter:label1\" content=\"Procijenjeno vrijeme \u010ditanja\" \/>\n\t<meta name=\"twitter:data1\" content=\"5 minuta\" \/>\n<script type=\"application\/ld+json\" class=\"yoast-schema-graph\">{\"@context\":\"https:\/\/schema.org\",\"@graph\":[{\"@type\":\"WebPage\",\"@id\":\"https:\/\/www.vukmir.net\/hr\/o-nama\/\",\"url\":\"https:\/\/www.vukmir.net\/hr\/o-nama\/\",\"name\":\"Vukmir i Suradnici - O nama - Vukmir and Associates\",\"isPartOf\":{\"@id\":\"https:\/\/www.vukmir.net\/#website\"},\"datePublished\":\"2017-05-11T11:25:31+00:00\",\"dateModified\":\"2020-01-14T16:14:18+00:00\",\"breadcrumb\":{\"@id\":\"https:\/\/www.vukmir.net\/hr\/o-nama\/#breadcrumb\"},\"inLanguage\":\"hr\",\"potentialAction\":[{\"@type\":\"ReadAction\",\"target\":[\"https:\/\/www.vukmir.net\/hr\/o-nama\/\"]}]},{\"@type\":\"BreadcrumbList\",\"@id\":\"https:\/\/www.vukmir.net\/hr\/o-nama\/#breadcrumb\",\"itemListElement\":[{\"@type\":\"ListItem\",\"position\":1,\"name\":\"Home\",\"item\":\"https:\/\/www.vukmir.net\/hr\/\"},{\"@type\":\"ListItem\",\"position\":2,\"name\":\"O nama\"}]},{\"@type\":\"WebSite\",\"@id\":\"https:\/\/www.vukmir.net\/#website\",\"url\":\"https:\/\/www.vukmir.net\/\",\"name\":\"Vukmir and Associates\",\"description\":\"A new direction in IP and IA legal services\",\"potentialAction\":[{\"@type\":\"SearchAction\",\"target\":{\"@type\":\"EntryPoint\",\"urlTemplate\":\"https:\/\/www.vukmir.net\/?s={search_term_string}\"},\"query-input\":{\"@type\":\"PropertyValueSpecification\",\"valueRequired\":true,\"valueName\":\"search_term_string\"}}],\"inLanguage\":\"hr\"}]}<\/script>\n<!-- \/ Yoast SEO plugin. -->","yoast_head_json":{"title":"Vukmir i Suradnici - O nama - Vukmir and Associates","robots":{"index":"index","follow":"follow","max-snippet":"max-snippet:-1","max-image-preview":"max-image-preview:large","max-video-preview":"max-video-preview:-1"},"canonical":"https:\/\/www.vukmir.net\/hr\/o-nama\/","og_locale":"hr_HR","og_type":"article","og_title":"Vukmir i Suradnici - O nama - Vukmir and Associates","og_description":"[vc_row type=&#8221;full_width_background&#8221; full_screen_row_position=&#8221;middle&#8221; bg_image=&#8221;6165&#8243; bg_position=&#8221;left top&#8221; bg_repeat=&#8221;no-repeat&#8221; scene_position=&#8221;top&#8221; layer_one_image=&#8221;6166&#8243; layer_one_strength=&#8221;0.3&#8243; layer_two_image=&#8221;5373&#8243; layer_two_strength=&#8221;0.4&#8243; text_color=&#8221;light&#8221; text_align=&#8221;left&#8221; top_padding=&#8221;160&#8243; bottom_padding=&#8221;120&#8243; enable_gradient=&#8221;true&#8221; color_overlay=&#8221;#0a0a0a&#8221; color_overlay_2=&#8221;#5f5f5f&#8221; gradient_direction=&#8221;left_to_right&#8221; overlay_strength=&#8221;0.5&#8243;][vc_column enable_animation=&#8221;true&#8221; animation=&#8221;fade-in&#8221; column_padding=&#8221;no-extra-padding&#8221; column_padding_position=&#8221;all&#8221; background_color_opacity=&#8221;1&#8243; background_hover_color_opacity=&#8221;1&#8243; column_shadow=&#8221;none&#8221; width=&#8221;1\/1&#8243; tablet_text_alignment=&#8221;default&#8221; phone_text_alignment=&#8221;default&#8221; column_border_width=&#8221;none&#8221; column_border_style=&#8221;solid&#8221;][vc_column_text] Na\u0161a stru\u010dnost temelji se na znanju, trajnim vrijednostima, spremnosti na promjene i strate\u0161kom vodstvu. [\/vc_column_text][\/vc_column][\/vc_row][vc_row type=&#8221;full_width_content&#8221; full_screen_row_position=&#8221;middle&#8221;...","og_url":"https:\/\/www.vukmir.net\/hr\/o-nama\/","og_site_name":"Vukmir and Associates","article_modified_time":"2020-01-14T16:14:18+00:00","og_image":[{"width":1920,"height":1278,"url":"https:\/\/www.vukmir.net\/wp-content\/uploads\/2015\/07\/KAL6320.jpg","type":"image\/jpeg"}],"twitter_card":"summary_large_image","twitter_misc":{"Procijenjeno vrijeme \u010ditanja":"5 minuta"},"schema":{"@context":"https:\/\/schema.org","@graph":[{"@type":"WebPage","@id":"https:\/\/www.vukmir.net\/hr\/o-nama\/","url":"https:\/\/www.vukmir.net\/hr\/o-nama\/","name":"Vukmir i Suradnici - O nama - Vukmir and Associates","isPartOf":{"@id":"https:\/\/www.vukmir.net\/#website"},"datePublished":"2017-05-11T11:25:31+00:00","dateModified":"2020-01-14T16:14:18+00:00","breadcrumb":{"@id":"https:\/\/www.vukmir.net\/hr\/o-nama\/#breadcrumb"},"inLanguage":"hr","potentialAction":[{"@type":"ReadAction","target":["https:\/\/www.vukmir.net\/hr\/o-nama\/"]}]},{"@type":"BreadcrumbList","@id":"https:\/\/www.vukmir.net\/hr\/o-nama\/#breadcrumb","itemListElement":[{"@type":"ListItem","position":1,"name":"Home","item":"https:\/\/www.vukmir.net\/hr\/"},{"@type":"ListItem","position":2,"name":"O nama"}]},{"@type":"WebSite","@id":"https:\/\/www.vukmir.net\/#website","url":"https:\/\/www.vukmir.net\/","name":"Vukmir and Associates","description":"A new direction in IP and IA legal services","potentialAction":[{"@type":"SearchAction","target":{"@type":"EntryPoint","urlTemplate":"https:\/\/www.vukmir.net\/?s={search_term_string}"},"query-input":{"@type":"PropertyValueSpecification","valueRequired":true,"valueName":"search_term_string"}}],"inLanguage":"hr"}]}},"_links":{"self":[{"href":"https:\/\/www.vukmir.net\/hr\/wp-json\/wp\/v2\/pages\/6908","targetHints":{"allow":["GET"]}}],"collection":[{"href":"https:\/\/www.vukmir.net\/hr\/wp-json\/wp\/v2\/pages"}],"about":[{"href":"https:\/\/www.vukmir.net\/hr\/wp-json\/wp\/v2\/types\/page"}],"author":[{"embeddable":true,"href":"https:\/\/www.vukmir.net\/hr\/wp-json\/wp\/v2\/users\/2"}],"replies":[{"embeddable":true,"href":"https:\/\/www.vukmir.net\/hr\/wp-json\/wp\/v2\/comments?post=6908"}],"version-history":[{"count":0,"href":"https:\/\/www.vukmir.net\/hr\/wp-json\/wp\/v2\/pages\/6908\/revisions"}],"wp:attachment":[{"href":"https:\/\/www.vukmir.net\/hr\/wp-json\/wp\/v2\/media?parent=6908"}],"curies":[{"name":"wp","href":"https:\/\/api.w.org\/{rel}","templated":true}]}}