{"id":6904,"date":"2017-05-11T11:24:24","date_gmt":"2017-05-11T11:24:24","guid":{"rendered":"http:\/\/www.vukmir.net\/?page_id=6904\/"},"modified":"2020-01-14T16:14:19","modified_gmt":"2020-01-14T16:14:19","slug":"temeljne-vrijednosti","status":"publish","type":"page","link":"https:\/\/www.vukmir.net\/hr\/temeljne-vrijednosti\/","title":{"rendered":"Temeljne vrijednosti"},"content":{"rendered":"[vc_row type=&#8221;full_width_background&#8221; full_screen_row_position=&#8221;middle&#8221; bg_image=&#8221;6165&#8243; bg_position=&#8221;left top&#8221; bg_repeat=&#8221;no-repeat&#8221; scene_position=&#8221;top&#8221; layer_one_image=&#8221;6166&#8243; layer_one_strength=&#8221;0.3&#8243; layer_two_image=&#8221;5373&#8243; layer_two_strength=&#8221;0.4&#8243; text_color=&#8221;light&#8221; text_align=&#8221;left&#8221; top_padding=&#8221;160&#8243; bottom_padding=&#8221;120&#8243; enable_gradient=&#8221;true&#8221; color_overlay=&#8221;#0a0a0a&#8221; color_overlay_2=&#8221;#5f5f5f&#8221; gradient_direction=&#8221;left_to_right&#8221; overlay_strength=&#8221;0.5&#8243;][vc_column enable_animation=&#8221;true&#8221; animation=&#8221;fade-in&#8221; column_padding=&#8221;no-extra-padding&#8221; column_padding_position=&#8221;all&#8221; background_color_opacity=&#8221;1&#8243; background_hover_color_opacity=&#8221;1&#8243; column_shadow=&#8221;none&#8221; width=&#8221;1\/1&#8243; tablet_text_alignment=&#8221;default&#8221; phone_text_alignment=&#8221;default&#8221; column_border_width=&#8221;none&#8221; column_border_style=&#8221;solid&#8221;][vc_column_text]\n<h2 style=\"text-align: center;\">Etika, razumijevanje i inovacija<\/h2>\n[\/vc_column_text][\/vc_column][\/vc_row][vc_row type=&#8221;full_width_content&#8221; full_screen_row_position=&#8221;middle&#8221; equal_height=&#8221;yes&#8221; scene_position=&#8221;center&#8221; text_color=&#8221;dark&#8221; text_align=&#8221;left&#8221; overlay_strength=&#8221;0.3&#8243;][vc_column enable_animation=&#8221;true&#8221; animation=&#8221;fade-in-from-left&#8221; column_padding=&#8221;padding-7-percent&#8221; column_padding_position=&#8221;all&#8221; background_color_opacity=&#8221;1&#8243; background_hover_color_opacity=&#8221;1&#8243; column_shadow=&#8221;none&#8221; width=&#8221;1\/2&#8243; tablet_text_alignment=&#8221;default&#8221; phone_text_alignment=&#8221;default&#8221; column_border_width=&#8221;none&#8221; column_border_style=&#8221;solid&#8221; delay=&#8221;200&#8243;][vc_column_text]Na\u0161 ured pru\u017ea kompleksne pravne usluge \u010dijom kvalitetom nastojimo dosegnuti najvi\u0161e svjetske standarde na svim podru\u010djima trgova\u010dkog prava i prava intelektualnog vlasni\u0161tva. Za nas kvaliteta predstavlja spoj \u010dvrstih eti\u010dkih na\u010dela te \u017eelje za obrazovanjem i rastom, \u0161to se odra\u017eava kroz zadovoljstvo stranaka dobivenom uslugom.<\/p>\n<p>Visoka razina stru\u010dnosti i specijalizacije glavna je odlika na\u0161eg tima. Neprestano slijede\u0107i postignu\u0107a na podru\u010dju prava kojim se bavimo i industrija kojima se na\u0161i klijenti bave, napredujemo i u obrazovanju rastu\u0107i zajedno s Vama. Na\u0161e je iskustvo geografski vrlo \u0161iroko, a aktivno ga i sami produbljujemo prate\u0107i rad na\u0161ih stranaka.<\/p>\n<p>Inovativni duh misao je vodilja na\u0161eg ureda. Mi\u0161ljenja smo da u strukturiranju posla i razumijevanju pitanja tr\u017ei\u0161ta pravnike treba voditi poznavanje propisa, poslovnog iskustva te inovativnost i fleksibilnost. Svojom predano\u0161\u0107u i proaktivnim djelovanjem izgradili smo niz vlastitih savjetodavnih rje\u0161enja oslanjaju\u0107i se na dugogodi\u0161nje promatranje na podru\u010djima trgova\u010dkog prava i prava intelektualnog vlasni\u0161tva.[\/vc_column_text][\/vc_column][vc_column enable_animation=&#8221;true&#8221; animation=&#8221;fade-in-from-bottom&#8221; column_padding=&#8221;padding-3-percent&#8221; column_padding_position=&#8221;all&#8221; background_color_opacity=&#8221;1&#8243; background_hover_color_opacity=&#8221;1&#8243; background_image=&#8221;6856&#8243; enable_bg_scale=&#8221;true&#8221; column_shadow=&#8221;none&#8221; width=&#8221;1\/2&#8243; tablet_text_alignment=&#8221;default&#8221; phone_text_alignment=&#8221;default&#8221; column_border_width=&#8221;none&#8221; column_border_style=&#8221;solid&#8221; delay=&#8221;400&#8243;][\/vc_column][\/vc_row][vc_row type=&#8221;full_width_content&#8221; full_screen_row_position=&#8221;middle&#8221; equal_height=&#8221;yes&#8221; scene_position=&#8221;center&#8221; text_color=&#8221;dark&#8221; text_align=&#8221;left&#8221; overlay_strength=&#8221;0.3&#8243;][vc_column enable_animation=&#8221;true&#8221; animation=&#8221;fade-in-from-left&#8221; column_padding=&#8221;padding-3-percent&#8221; column_padding_position=&#8221;all&#8221; background_color_opacity=&#8221;1&#8243; background_hover_color_opacity=&#8221;1&#8243; background_image=&#8221;6887&#8243; column_shadow=&#8221;none&#8221; width=&#8221;1\/2&#8243; tablet_text_alignment=&#8221;default&#8221; phone_text_alignment=&#8221;default&#8221; column_border_width=&#8221;none&#8221; column_border_style=&#8221;solid&#8221; delay=&#8221;200&#8243; offset=&#8221;vc_hidden-sm vc_hidden-xs&#8221;][\/vc_column][vc_column enable_animation=&#8221;true&#8221; animation=&#8221;fade-in-from-bottom&#8221; column_padding=&#8221;padding-7-percent&#8221; column_padding_position=&#8221;all&#8221; background_color_opacity=&#8221;1&#8243; background_hover_color_opacity=&#8221;1&#8243; column_shadow=&#8221;none&#8221; width=&#8221;1\/2&#8243; tablet_text_alignment=&#8221;default&#8221; phone_text_alignment=&#8221;default&#8221; column_border_width=&#8221;none&#8221; column_border_style=&#8221;solid&#8221; delay=&#8221;400&#8243;][vc_column_text]Slu\u0161aju\u0107i svoje stranke nau\u010dili smo koliko je va\u017eno biti prilagodljiv unutar \u010dvrstih zakonskih okvira. Ono \u0161to Vam mo\u017eemo ponuditi ne zna\u010di ni\u0161ta ukoliko nismo u stanju razumjeti Va\u0161e jedinstvene potrebe. Pridavanjem ve\u0107e pa\u017enje Va\u0161im zahtjevima i upitima jasnije razaznajemo na\u010din na koji na\u0161e usluge podr\u017eavaju Va\u0161e ciljeve bilo da se radi o jednostavnom sporu ili o dugoro\u010dnoj strategiji.<\/p>\n<p>Naime, vlastiti kredibilitet temeljimo na obvezi da Vam pru\u017eimo, u \u0161to ve\u0107oj mogu\u0107oj mjeri, stvarnu sliku o trgova\u010dkom sporu ili situaciji s kojom ste suo\u010deni. Povratne informacije s Va\u0161e strane u ovom su postupku vrlo po\u017eeljne.<\/p>\n<p>Alternativni na\u010din razmi\u0161ljanja doveo nas je do zaklju\u010dka da je svijet parni\u010denja spreman za zna\u010dajan preokret: usvojili smo praksu naprednog rje\u0161avanja sporova i opredijelili se za uzajamno povoljna rje\u0161enja (umjesto tradicionalnog pozicijski suprotstavljenog scenarija tipi\u010dnog za ve\u0107inu parnica). Svijet u kojem \u017eivimo usko je isprepleten: \u0161to vi\u0161e djelujemo iz te perspektive, ve\u0107e su vjerojatnosti da \u0107emo iz sukoba ostvariti uzajamnu korist, a ne nepovoljnu pobjedu nad protivnicima.<\/p>\n<p>Naposljetku, otvorenost, a\u017eurnost i pristupa\u010dnost na\u0161e su bitne osobine koje proizlaze iz ljubavi prema onome \u0161to radimo i iz strasti prema na\u0161em poslu, \u0161to volimo podijeliti i s na\u0161im strankama.[\/vc_column_text][\/vc_column][\/vc_row][vc_row type=&#8221;full_width_content&#8221; full_screen_row_position=&#8221;middle&#8221; equal_height=&#8221;yes&#8221; scene_position=&#8221;center&#8221; text_color=&#8221;dark&#8221; text_align=&#8221;left&#8221; overlay_strength=&#8221;0.3&#8243;][vc_column enable_animation=&#8221;true&#8221; animation=&#8221;fade-in-from-bottom&#8221; column_padding=&#8221;padding-7-percent&#8221; column_padding_position=&#8221;all&#8221; background_color_opacity=&#8221;1&#8243; background_hover_color_opacity=&#8221;1&#8243; column_shadow=&#8221;none&#8221; width=&#8221;1\/2&#8243; tablet_text_alignment=&#8221;default&#8221; phone_text_alignment=&#8221;default&#8221; column_border_width=&#8221;none&#8221; column_border_style=&#8221;solid&#8221; delay=&#8221;400&#8243;][vc_column_text]Dru\u0161tveno odgovorno poslovanje je i oduvijek je bio temeljni dio na\u0161ih vrijednosti i sastavni dio na\u0161eg poslovanja. Ovo se posebno odra\u017eava na razli\u010dite aspekte.<\/p>\n<p>Uvjereni smo da je pojedinac najve\u0107a dru\u0161tvena vrijednost. VUKMIR I SURADNICI ustraje na stalnom obrazovanju svog osoblja. Stoga pru\u017eamo podr\u0161ku (financijsku i ostalu) na\u0161im zaposlenicima kada odlu\u010de u\u010diti te svoje obrazovanje podi\u0107i na vi\u0161u razinu s ciljem koji bi im omogu\u0107io postizanje samoispunjenja i sre\u0107e kroz osobni razvoj.[\/vc_column_text][nectar_btn size=&#8221;small&#8221; button_style=&#8221;regular&#8221; button_color_2=&#8221;Accent-Color&#8221; icon_family=&#8221;none&#8221; url=&#8221;https:\/\/www.vukmir.net\/hr\/drustveno-odgovorno-poslovanje\/&#8221; text=&#8221;Vidi vi\u0161e&#8221; margin_top=&#8221;10&#8243;][\/vc_column][vc_column enable_animation=&#8221;true&#8221; animation=&#8221;fade-in-from-left&#8221; column_padding=&#8221;padding-3-percent&#8221; column_padding_position=&#8221;all&#8221; background_color_opacity=&#8221;1&#8243; background_hover_color_opacity=&#8221;1&#8243; background_image=&#8221;7380&#8243; column_shadow=&#8221;none&#8221; width=&#8221;1\/2&#8243; tablet_text_alignment=&#8221;default&#8221; phone_text_alignment=&#8221;default&#8221; column_border_width=&#8221;none&#8221; column_border_style=&#8221;solid&#8221; delay=&#8221;200&#8243; offset=&#8221;vc_hidden-sm vc_hidden-xs&#8221;][\/vc_column][\/vc_row]\n","protected":false},"excerpt":{"rendered":"<p>[vc_row type=&#8221;full_width_background&#8221; full_screen_row_position=&#8221;middle&#8221; bg_image=&#8221;6165&#8243; bg_position=&#8221;left top&#8221; bg_repeat=&#8221;no-repeat&#8221; scene_position=&#8221;top&#8221; layer_one_image=&#8221;6166&#8243; layer_one_strength=&#8221;0.3&#8243; layer_two_image=&#8221;5373&#8243; layer_two_strength=&#8221;0.4&#8243; text_color=&#8221;light&#8221; text_align=&#8221;left&#8221; top_padding=&#8221;160&#8243; bottom_padding=&#8221;120&#8243; enable_gradient=&#8221;true&#8221; color_overlay=&#8221;#0a0a0a&#8221; color_overlay_2=&#8221;#5f5f5f&#8221; gradient_direction=&#8221;left_to_right&#8221; overlay_strength=&#8221;0.5&#8243;][vc_column enable_animation=&#8221;true&#8221; animation=&#8221;fade-in&#8221; column_padding=&#8221;no-extra-padding&#8221; column_padding_position=&#8221;all&#8221; background_color_opacity=&#8221;1&#8243; background_hover_color_opacity=&#8221;1&#8243; column_shadow=&#8221;none&#8221; width=&#8221;1\/1&#8243; tablet_text_alignment=&#8221;default&#8221; phone_text_alignment=&#8221;default&#8221; column_border_width=&#8221;none&#8221; column_border_style=&#8221;solid&#8221;][vc_column_text] Etika, razumijevanje i inovacija [\/vc_column_text][\/vc_column][\/vc_row][vc_row type=&#8221;full_width_content&#8221; full_screen_row_position=&#8221;middle&#8221; equal_height=&#8221;yes&#8221; scene_position=&#8221;center&#8221; text_color=&#8221;dark&#8221; text_align=&#8221;left&#8221; overlay_strength=&#8221;0.3&#8243;][vc_column enable_animation=&#8221;true&#8221; animation=&#8221;fade-in-from-left&#8221; column_padding=&#8221;padding-7-percent&#8221; column_padding_position=&#8221;all&#8221; background_color_opacity=&#8221;1&#8243;&#8230;<\/p>\n","protected":false},"author":2,"featured_media":0,"parent":0,"menu_order":0,"comment_status":"closed","ping_status":"closed","template":"","meta":{"footnotes":""},"class_list":["post-6904","page","type-page","status-publish","hentry"],"yoast_head":"<!-- This site is optimized with the Yoast SEO plugin v24.6 - https:\/\/yoast.com\/wordpress\/plugins\/seo\/ -->\n<title>Temeljne vrijednosti - Vukmir and Associates<\/title>\n<meta name=\"robots\" content=\"index, follow, max-snippet:-1, max-image-preview:large, max-video-preview:-1\" \/>\n<link rel=\"canonical\" href=\"https:\/\/www.vukmir.net\/hr\/temeljne-vrijednosti\/\" \/>\n<meta property=\"og:locale\" content=\"hr_HR\" \/>\n<meta property=\"og:type\" content=\"article\" \/>\n<meta property=\"og:title\" content=\"Temeljne vrijednosti - Vukmir and Associates\" \/>\n<meta property=\"og:description\" content=\"[vc_row type=&#8221;full_width_background&#8221; full_screen_row_position=&#8221;middle&#8221; bg_image=&#8221;6165&#8243; bg_position=&#8221;left top&#8221; bg_repeat=&#8221;no-repeat&#8221; scene_position=&#8221;top&#8221; layer_one_image=&#8221;6166&#8243; layer_one_strength=&#8221;0.3&#8243; layer_two_image=&#8221;5373&#8243; layer_two_strength=&#8221;0.4&#8243; text_color=&#8221;light&#8221; text_align=&#8221;left&#8221; top_padding=&#8221;160&#8243; bottom_padding=&#8221;120&#8243; enable_gradient=&#8221;true&#8221; color_overlay=&#8221;#0a0a0a&#8221; color_overlay_2=&#8221;#5f5f5f&#8221; gradient_direction=&#8221;left_to_right&#8221; overlay_strength=&#8221;0.5&#8243;][vc_column enable_animation=&#8221;true&#8221; animation=&#8221;fade-in&#8221; column_padding=&#8221;no-extra-padding&#8221; column_padding_position=&#8221;all&#8221; background_color_opacity=&#8221;1&#8243; background_hover_color_opacity=&#8221;1&#8243; column_shadow=&#8221;none&#8221; width=&#8221;1\/1&#8243; tablet_text_alignment=&#8221;default&#8221; phone_text_alignment=&#8221;default&#8221; column_border_width=&#8221;none&#8221; column_border_style=&#8221;solid&#8221;][vc_column_text] Etika, razumijevanje i inovacija [\/vc_column_text][\/vc_column][\/vc_row][vc_row type=&#8221;full_width_content&#8221; full_screen_row_position=&#8221;middle&#8221; equal_height=&#8221;yes&#8221; scene_position=&#8221;center&#8221; text_color=&#8221;dark&#8221; text_align=&#8221;left&#8221; overlay_strength=&#8221;0.3&#8243;][vc_column enable_animation=&#8221;true&#8221; animation=&#8221;fade-in-from-left&#8221; column_padding=&#8221;padding-7-percent&#8221; column_padding_position=&#8221;all&#8221; background_color_opacity=&#8221;1&#8243;...\" \/>\n<meta property=\"og:url\" content=\"https:\/\/www.vukmir.net\/hr\/temeljne-vrijednosti\/\" \/>\n<meta property=\"og:site_name\" content=\"Vukmir and Associates\" \/>\n<meta property=\"article:modified_time\" content=\"2020-01-14T16:14:19+00:00\" \/>\n<meta property=\"og:image\" content=\"https:\/\/www.vukmir.net\/wp-content\/uploads\/2015\/07\/KAL6320.jpg\" \/>\n\t<meta property=\"og:image:width\" content=\"1920\" \/>\n\t<meta property=\"og:image:height\" content=\"1278\" \/>\n\t<meta property=\"og:image:type\" content=\"image\/jpeg\" \/>\n<meta name=\"twitter:card\" content=\"summary_large_image\" \/>\n<meta name=\"twitter:label1\" content=\"Procijenjeno vrijeme \u010ditanja\" \/>\n\t<meta name=\"twitter:data1\" content=\"5 minuta\" \/>\n<script type=\"application\/ld+json\" class=\"yoast-schema-graph\">{\"@context\":\"https:\/\/schema.org\",\"@graph\":[{\"@type\":\"WebPage\",\"@id\":\"https:\/\/www.vukmir.net\/hr\/temeljne-vrijednosti\/\",\"url\":\"https:\/\/www.vukmir.net\/hr\/temeljne-vrijednosti\/\",\"name\":\"Temeljne vrijednosti - Vukmir and Associates\",\"isPartOf\":{\"@id\":\"https:\/\/www.vukmir.net\/#website\"},\"datePublished\":\"2017-05-11T11:24:24+00:00\",\"dateModified\":\"2020-01-14T16:14:19+00:00\",\"breadcrumb\":{\"@id\":\"https:\/\/www.vukmir.net\/hr\/temeljne-vrijednosti\/#breadcrumb\"},\"inLanguage\":\"hr\",\"potentialAction\":[{\"@type\":\"ReadAction\",\"target\":[\"https:\/\/www.vukmir.net\/hr\/temeljne-vrijednosti\/\"]}]},{\"@type\":\"BreadcrumbList\",\"@id\":\"https:\/\/www.vukmir.net\/hr\/temeljne-vrijednosti\/#breadcrumb\",\"itemListElement\":[{\"@type\":\"ListItem\",\"position\":1,\"name\":\"Home\",\"item\":\"https:\/\/www.vukmir.net\/hr\/\"},{\"@type\":\"ListItem\",\"position\":2,\"name\":\"Temeljne vrijednosti\"}]},{\"@type\":\"WebSite\",\"@id\":\"https:\/\/www.vukmir.net\/#website\",\"url\":\"https:\/\/www.vukmir.net\/\",\"name\":\"Vukmir and Associates\",\"description\":\"A new direction in IP and IA legal services\",\"potentialAction\":[{\"@type\":\"SearchAction\",\"target\":{\"@type\":\"EntryPoint\",\"urlTemplate\":\"https:\/\/www.vukmir.net\/?s={search_term_string}\"},\"query-input\":{\"@type\":\"PropertyValueSpecification\",\"valueRequired\":true,\"valueName\":\"search_term_string\"}}],\"inLanguage\":\"hr\"}]}<\/script>\n<!-- \/ Yoast SEO plugin. -->","yoast_head_json":{"title":"Temeljne vrijednosti - Vukmir and Associates","robots":{"index":"index","follow":"follow","max-snippet":"max-snippet:-1","max-image-preview":"max-image-preview:large","max-video-preview":"max-video-preview:-1"},"canonical":"https:\/\/www.vukmir.net\/hr\/temeljne-vrijednosti\/","og_locale":"hr_HR","og_type":"article","og_title":"Temeljne vrijednosti - Vukmir and Associates","og_description":"[vc_row type=&#8221;full_width_background&#8221; full_screen_row_position=&#8221;middle&#8221; bg_image=&#8221;6165&#8243; bg_position=&#8221;left top&#8221; bg_repeat=&#8221;no-repeat&#8221; scene_position=&#8221;top&#8221; layer_one_image=&#8221;6166&#8243; layer_one_strength=&#8221;0.3&#8243; layer_two_image=&#8221;5373&#8243; layer_two_strength=&#8221;0.4&#8243; text_color=&#8221;light&#8221; text_align=&#8221;left&#8221; top_padding=&#8221;160&#8243; bottom_padding=&#8221;120&#8243; enable_gradient=&#8221;true&#8221; color_overlay=&#8221;#0a0a0a&#8221; color_overlay_2=&#8221;#5f5f5f&#8221; gradient_direction=&#8221;left_to_right&#8221; overlay_strength=&#8221;0.5&#8243;][vc_column enable_animation=&#8221;true&#8221; animation=&#8221;fade-in&#8221; column_padding=&#8221;no-extra-padding&#8221; column_padding_position=&#8221;all&#8221; background_color_opacity=&#8221;1&#8243; background_hover_color_opacity=&#8221;1&#8243; column_shadow=&#8221;none&#8221; width=&#8221;1\/1&#8243; tablet_text_alignment=&#8221;default&#8221; phone_text_alignment=&#8221;default&#8221; column_border_width=&#8221;none&#8221; column_border_style=&#8221;solid&#8221;][vc_column_text] Etika, razumijevanje i inovacija [\/vc_column_text][\/vc_column][\/vc_row][vc_row type=&#8221;full_width_content&#8221; full_screen_row_position=&#8221;middle&#8221; equal_height=&#8221;yes&#8221; scene_position=&#8221;center&#8221; text_color=&#8221;dark&#8221; text_align=&#8221;left&#8221; overlay_strength=&#8221;0.3&#8243;][vc_column enable_animation=&#8221;true&#8221; animation=&#8221;fade-in-from-left&#8221; column_padding=&#8221;padding-7-percent&#8221; column_padding_position=&#8221;all&#8221; background_color_opacity=&#8221;1&#8243;...","og_url":"https:\/\/www.vukmir.net\/hr\/temeljne-vrijednosti\/","og_site_name":"Vukmir and Associates","article_modified_time":"2020-01-14T16:14:19+00:00","og_image":[{"width":1920,"height":1278,"url":"https:\/\/www.vukmir.net\/wp-content\/uploads\/2015\/07\/KAL6320.jpg","type":"image\/jpeg"}],"twitter_card":"summary_large_image","twitter_misc":{"Procijenjeno vrijeme \u010ditanja":"5 minuta"},"schema":{"@context":"https:\/\/schema.org","@graph":[{"@type":"WebPage","@id":"https:\/\/www.vukmir.net\/hr\/temeljne-vrijednosti\/","url":"https:\/\/www.vukmir.net\/hr\/temeljne-vrijednosti\/","name":"Temeljne vrijednosti - Vukmir and Associates","isPartOf":{"@id":"https:\/\/www.vukmir.net\/#website"},"datePublished":"2017-05-11T11:24:24+00:00","dateModified":"2020-01-14T16:14:19+00:00","breadcrumb":{"@id":"https:\/\/www.vukmir.net\/hr\/temeljne-vrijednosti\/#breadcrumb"},"inLanguage":"hr","potentialAction":[{"@type":"ReadAction","target":["https:\/\/www.vukmir.net\/hr\/temeljne-vrijednosti\/"]}]},{"@type":"BreadcrumbList","@id":"https:\/\/www.vukmir.net\/hr\/temeljne-vrijednosti\/#breadcrumb","itemListElement":[{"@type":"ListItem","position":1,"name":"Home","item":"https:\/\/www.vukmir.net\/hr\/"},{"@type":"ListItem","position":2,"name":"Temeljne vrijednosti"}]},{"@type":"WebSite","@id":"https:\/\/www.vukmir.net\/#website","url":"https:\/\/www.vukmir.net\/","name":"Vukmir and Associates","description":"A new direction in IP and IA legal services","potentialAction":[{"@type":"SearchAction","target":{"@type":"EntryPoint","urlTemplate":"https:\/\/www.vukmir.net\/?s={search_term_string}"},"query-input":{"@type":"PropertyValueSpecification","valueRequired":true,"valueName":"search_term_string"}}],"inLanguage":"hr"}]}},"_links":{"self":[{"href":"https:\/\/www.vukmir.net\/hr\/wp-json\/wp\/v2\/pages\/6904","targetHints":{"allow":["GET"]}}],"collection":[{"href":"https:\/\/www.vukmir.net\/hr\/wp-json\/wp\/v2\/pages"}],"about":[{"href":"https:\/\/www.vukmir.net\/hr\/wp-json\/wp\/v2\/types\/page"}],"author":[{"embeddable":true,"href":"https:\/\/www.vukmir.net\/hr\/wp-json\/wp\/v2\/users\/2"}],"replies":[{"embeddable":true,"href":"https:\/\/www.vukmir.net\/hr\/wp-json\/wp\/v2\/comments?post=6904"}],"version-history":[{"count":0,"href":"https:\/\/www.vukmir.net\/hr\/wp-json\/wp\/v2\/pages\/6904\/revisions"}],"wp:attachment":[{"href":"https:\/\/www.vukmir.net\/hr\/wp-json\/wp\/v2\/media?parent=6904"}],"curies":[{"name":"wp","href":"https:\/\/api.w.org\/{rel}","templated":true}]}}