{"id":6902,"date":"2017-05-11T11:23:58","date_gmt":"2017-05-11T11:23:58","guid":{"rendered":"http:\/\/www.vukmir.net\/?page_id=6902\/"},"modified":"2020-01-14T16:14:15","modified_gmt":"2020-01-14T16:14:15","slug":"napredno-pravo-intelektualnog-vlasnistva","status":"publish","type":"page","link":"https:\/\/www.vukmir.net\/hr\/napredno-pravo-intelektualnog-vlasnistva\/","title":{"rendered":"Napredno pravo intelektualnog vlasni\u0161tva"},"content":{"rendered":"[vc_row type=&#8221;in_container&#8221; full_screen_row_position=&#8221;middle&#8221; scene_position=&#8221;center&#8221; text_color=&#8221;dark&#8221; text_align=&#8221;left&#8221; overlay_strength=&#8221;0.3&#8243;][vc_column column_padding=&#8221;no-extra-padding&#8221; column_padding_position=&#8221;all&#8221; background_color_opacity=&#8221;1&#8243; background_hover_color_opacity=&#8221;1&#8243; column_shadow=&#8221;none&#8221; width=&#8221;1\/1&#8243; tablet_text_alignment=&#8221;default&#8221; phone_text_alignment=&#8221;default&#8221; column_border_width=&#8221;none&#8221; column_border_style=&#8221;solid&#8221;]\r\n    <div class=\"col span_12 section-title text-align-center extra-padding\">\r\n\t\t<h2>\n<h2>Najsuvremenije pravo intelektualnog vlasni\u0161tva<\/h2>\n<\/h2><\/div><div class=\"clear\"><\/div>[\/vc_column][\/vc_row][vc_row type=&#8221;in_container&#8221; full_screen_row_position=&#8221;middle&#8221; scene_position=&#8221;center&#8221; text_color=&#8221;dark&#8221; text_align=&#8221;left&#8221; overlay_strength=&#8221;0.3&#8243;][vc_column enable_animation=&#8221;true&#8221; animation=&#8221;fade-in-from-left&#8221; column_padding=&#8221;padding-3-percent&#8221; column_padding_position=&#8221;all&#8221; background_color_opacity=&#8221;1&#8243; background_hover_color_opacity=&#8221;1&#8243; column_shadow=&#8221;none&#8221; width=&#8221;1\/2&#8243; tablet_text_alignment=&#8221;default&#8221; phone_text_alignment=&#8221;default&#8221; column_border_width=&#8221;none&#8221; column_border_style=&#8221;solid&#8221;][vc_column_text]\n<h3 style=\"margin-bottom: 20px;\">Opseg na\u0161ih usluga, temeljen na iskustvu koje imamo, dokaz su da nismo samo ured, ve\u0107 vi\u0161e od toga, svojevrsna riznica iz podru\u010dja intelektualnog vlasni\u0161tva<\/h3>\n[\/vc_column_text][vc_column_text]Intelektualno vlasni\u0161tvo za nas predstavlja prvenstveno nematerijalnu imovinu nositelja te smatramo da kao takvo zavrje\u0111uje sveobuhvatnu strategiju, uklju\u010duju\u0107i sjedinjavanje pravnih, marketin\u0161kih, knjigovodstvenih i povezanih aspekata. Bit izlaska iz tranzicijske ekonomije upravo predstavlja usvajanje ovih znanja. Izgra\u0111uju\u0107i razvoj sektora intelektualnog vlasni\u0161tva u Hrvatskoj od njene samostalnosti, postali smo stru\u010dnjaci za najmodernija elektroni\u010dka te tehnolo\u0161ka pitanja i probleme nematerijalne imovine. Primjenjuju\u0107i svoje \u0161iroko znanje i bogato iskustvo na Va\u0161 projekt, ula\u017eemo sav svoj trud kako bismo za\u0161titili Va\u0161e intelektualno vlasni\u0161tvo od zlouporabe ili nepovoljnih ugovornih rje\u0161enja prate\u0107i Va\u0161u djelatnost kroz cijeli spektar tradicionalnih i novih medija te digitalnih distribucijskih mre\u017ea u kojima poslujete.<\/p>\n<p>Na\u0161e iskustvo u za\u0161titi prava pokriva mnogobrojne industrijske sektore. Tijekom godina susretali smo se s najrazli\u010ditijim sporovima i parnicama na podru\u010dju patenata, \u017eigova i autorskih prava. Vodili smo i zna\u010dajne sveobuhvatne programe protupiratskih i protukrivotvorila\u010dkih djelatnosti me\u0111u kojima je bilo i programa u kojima se istovremeno postupalo protiv vi\u0161e stotina ciljanih protivnika. Jednako dragocjeno iskustvo zadobili smo u postupanju protiv prekr\u0161itelja svih veli\u010dina i vrsti poslovanja. Istovremeno, osim\u00a0umje\u0161nosti u kori\u0161tenju tradicionalnih pravnih postupka, usmjereni smo k\u00a0budu\u0107nosti sofisticiranijih i ekonomi\u010dnijih metoda uklanjanja povreda prava i rje\u0161avanja sukoba, \u0161to zna\u010di da se zala\u017eemo za <a href=\"https:\/\/www.vukmir.net\/hr\/napredno-rjesavanje-sporova\/\">napredno rje\u0161avanje sporova<\/a>. Na\u0161e nam iskustvo govori kako u mnogim slu\u010dajevima ova metoda daje bolje rezultate po pitanju vremenskog trajanja i tro\u0161kova od kori\u0161tenja tradicionalnih metoda sporenja.[\/vc_column_text][\/vc_column][vc_column enable_animation=&#8221;true&#8221; animation=&#8221;fade-in-from-bottom&#8221; column_padding=&#8221;padding-3-percent&#8221; column_padding_position=&#8221;all&#8221; background_color_opacity=&#8221;1&#8243; background_hover_color_opacity=&#8221;1&#8243; column_shadow=&#8221;none&#8221; width=&#8221;1\/2&#8243; tablet_text_alignment=&#8221;default&#8221; phone_text_alignment=&#8221;default&#8221; column_border_width=&#8221;none&#8221; column_border_style=&#8221;solid&#8221; delay=&#8221;200&#8243;]<div class=\"iwithtext\"><div class=\"iwt-icon\"> <i class=\"icon-default-style steadysets-icon-files accent-color\"><\/i> <\/div><div class=\"iwt-text\"> \n<h3>Opseg usluga<\/h3>\n <\/div><div class=\"clear\"><\/div><\/div>[vc_column_text]\n<ul>\n<li>Savjetovanje, pregovaranje i sastavljanje ugovora<\/li>\n<li>Savjetovanje o licenciranju i fran\u0161izama<\/li>\n<li>Savjeti u odabiru poslovnog modela komercijalizacije prava IV<\/li>\n<li>Savjetovanje i podr\u0161ka za komercijalizaciju tehnologija<\/li>\n<li>Industrija zabave i mediji<\/li>\n<li>Ogla\u0161avanje i reklamiranje<\/li>\n<li>Za\u0161tita, registracija i odr\u017eavanje internetskih domena<\/li>\n<li>Pravo intelektualnog vlasni\u0161tva, posebice rad na ugovorima, transakcijama i za\u0161titi prava<\/li>\n<li>Ostvarivanje prava \u017eiga (kaznena, gra\u0111anska i upravna)<\/li>\n<li>Ostvarivanje prava pri carini, upravnim tijelima, gra\u0111anskim i kaznenim tijelima<\/li>\n<li>Rje\u0161avanje problema piratstva i krivotvorenja od prakti\u010dne primjene do primjene regulativa na svim razinama<\/li>\n<li>Savjetovanje i priprema arbitra\u017ea za gTLD i ccTLD<\/li>\n<li>Za\u0161tita prava IV (kaznena, gra\u0111anska i upravna)<\/li>\n<li>Za\u0161tita prava IV pri carini, upravnim tijelima, gra\u0111anskim i kaznenim tijelima<\/li>\n<li>Rad s privatnim istra\u017eiteljima<\/li>\n<li>Rad s organima gonjenja<\/li>\n<li>Savjetovanje o tehni\u010dkim mjerama za\u0161tite<\/li>\n<li>Za\u0161tita i preuzimanje protupravno oduzetih internetskih domena<\/li>\n<\/ul>\n[\/vc_column_text][\/vc_column][\/vc_row][vc_row type=&#8221;in_container&#8221; full_screen_row_position=&#8221;middle&#8221; scene_position=&#8221;center&#8221; text_color=&#8221;dark&#8221; text_align=&#8221;left&#8221; overlay_strength=&#8221;0.3&#8243;][vc_column column_padding=&#8221;no-extra-padding&#8221; column_padding_position=&#8221;all&#8221; background_color_opacity=&#8221;1&#8243; background_hover_color_opacity=&#8221;1&#8243; column_shadow=&#8221;none&#8221; width=&#8221;1\/1&#8243; tablet_text_alignment=&#8221;default&#8221; phone_text_alignment=&#8221;default&#8221; column_border_width=&#8221;none&#8221; column_border_style=&#8221;solid&#8221;]<div class=\"divider-wrap\"><div style=\"margin-top: 2px; height: 1px; margin-bottom: 2px;\" data-width=\"100%\" data-animate=\"\" data-animation-delay=\"\" data-color=\"default\" class=\"divider-border\"><\/div><\/div>[\/vc_column][\/vc_row][vc_row type=&#8221;in_container&#8221; full_screen_row_position=&#8221;middle&#8221; scene_position=&#8221;center&#8221; text_color=&#8221;dark&#8221; text_align=&#8221;left&#8221; overlay_strength=&#8221;0.3&#8243;][vc_column column_padding=&#8221;no-extra-padding&#8221; column_padding_position=&#8221;all&#8221; background_color_opacity=&#8221;1&#8243; background_hover_color_opacity=&#8221;1&#8243; column_shadow=&#8221;none&#8221; width=&#8221;1\/4&#8243; tablet_text_alignment=&#8221;default&#8221; phone_text_alignment=&#8221;default&#8221; column_border_width=&#8221;none&#8221; column_border_style=&#8221;solid&#8221;][vc_column_text]\n<p style=\"text-align: center;\"><a href=\"https:\/\/www.vukmir.net\/hr\/korporativne-trgovacke-i-bankarske-pravne-usluge\/\">Trgova\u010dko pravo i pravo dru\u0161tava<\/a><\/p>\n[\/vc_column_text][\/vc_column][vc_column column_padding=&#8221;no-extra-padding&#8221; column_padding_position=&#8221;all&#8221; background_color_opacity=&#8221;1&#8243; background_hover_color_opacity=&#8221;1&#8243; column_shadow=&#8221;none&#8221; width=&#8221;1\/4&#8243; tablet_text_alignment=&#8221;default&#8221; phone_text_alignment=&#8221;default&#8221; column_border_width=&#8221;none&#8221; column_border_style=&#8221;solid&#8221;][vc_column_text]\n<p style=\"text-align: center;\"><a href=\"https:\/\/www.vukmir.net\/hr\/zastita-patenata-i-zigova\/\">Patenti i \u017eigovi<\/a><\/p>\n[\/vc_column_text][\/vc_column][vc_column column_padding=&#8221;no-extra-padding&#8221; column_padding_position=&#8221;all&#8221; background_color_opacity=&#8221;1&#8243; background_hover_color_opacity=&#8221;1&#8243; column_shadow=&#8221;none&#8221; width=&#8221;1\/4&#8243; tablet_text_alignment=&#8221;default&#8221; phone_text_alignment=&#8221;default&#8221; column_border_width=&#8221;none&#8221; column_border_style=&#8221;solid&#8221;][vc_column_text]\n<p style=\"text-align: center;\"><a href=\"https:\/\/www.vukmir.net\/hr\/napredno-rjesavanje-sporova\/\">Napredno rje\u0161avanje sporova<\/a><\/p>\n[\/vc_column_text][\/vc_column][vc_column column_padding=&#8221;no-extra-padding&#8221; column_padding_position=&#8221;all&#8221; background_color_opacity=&#8221;1&#8243; background_hover_color_opacity=&#8221;1&#8243; column_shadow=&#8221;none&#8221; width=&#8221;1\/4&#8243; tablet_text_alignment=&#8221;default&#8221; phone_text_alignment=&#8221;default&#8221; column_border_width=&#8221;none&#8221; column_border_style=&#8221;solid&#8221;][vc_column_text]\n<p style=\"text-align: center;\"><a href=\"https:\/\/www.vukmir.net\/hr\/strateske-usluge-koje-poticu-rast\/\">Strate\u0161ki rast<\/a><\/p>\n[\/vc_column_text][\/vc_column][\/vc_row]\n","protected":false},"excerpt":{"rendered":"<p>[vc_row type=&#8221;in_container&#8221; full_screen_row_position=&#8221;middle&#8221; scene_position=&#8221;center&#8221; text_color=&#8221;dark&#8221; text_align=&#8221;left&#8221; overlay_strength=&#8221;0.3&#8243;][vc_column column_padding=&#8221;no-extra-padding&#8221; column_padding_position=&#8221;all&#8221; background_color_opacity=&#8221;1&#8243; background_hover_color_opacity=&#8221;1&#8243; column_shadow=&#8221;none&#8221; width=&#8221;1\/1&#8243; tablet_text_alignment=&#8221;default&#8221; phone_text_alignment=&#8221;default&#8221; column_border_width=&#8221;none&#8221; column_border_style=&#8221;solid&#8221;][\/vc_column][\/vc_row][vc_row type=&#8221;in_container&#8221; full_screen_row_position=&#8221;middle&#8221; scene_position=&#8221;center&#8221; text_color=&#8221;dark&#8221; text_align=&#8221;left&#8221; overlay_strength=&#8221;0.3&#8243;][vc_column enable_animation=&#8221;true&#8221; animation=&#8221;fade-in-from-left&#8221; column_padding=&#8221;padding-3-percent&#8221; column_padding_position=&#8221;all&#8221; background_color_opacity=&#8221;1&#8243; background_hover_color_opacity=&#8221;1&#8243; column_shadow=&#8221;none&#8221; width=&#8221;1\/2&#8243; tablet_text_alignment=&#8221;default&#8221; phone_text_alignment=&#8221;default&#8221; column_border_width=&#8221;none&#8221; column_border_style=&#8221;solid&#8221;][vc_column_text] Opseg na\u0161ih usluga, temeljen na iskustvu koje imamo, dokaz su da nismo samo ured, ve\u0107&#8230;<\/p>\n","protected":false},"author":2,"featured_media":0,"parent":0,"menu_order":0,"comment_status":"closed","ping_status":"closed","template":"","meta":{"footnotes":""},"class_list":["post-6902","page","type-page","status-publish","hentry"],"yoast_head":"<!-- This site is optimized with the Yoast SEO plugin v24.6 - https:\/\/yoast.com\/wordpress\/plugins\/seo\/ -->\n<title>Napredno pravo intelektualnog vlasni\u0161tva - Vukmir and Associates<\/title>\n<meta name=\"robots\" content=\"index, follow, max-snippet:-1, max-image-preview:large, max-video-preview:-1\" \/>\n<link rel=\"canonical\" href=\"https:\/\/www.vukmir.net\/hr\/napredno-pravo-intelektualnog-vlasnistva\/\" \/>\n<meta property=\"og:locale\" content=\"hr_HR\" \/>\n<meta property=\"og:type\" content=\"article\" \/>\n<meta property=\"og:title\" content=\"Napredno pravo intelektualnog vlasni\u0161tva - Vukmir and Associates\" \/>\n<meta property=\"og:description\" content=\"[vc_row type=&#8221;in_container&#8221; full_screen_row_position=&#8221;middle&#8221; scene_position=&#8221;center&#8221; text_color=&#8221;dark&#8221; text_align=&#8221;left&#8221; overlay_strength=&#8221;0.3&#8243;][vc_column column_padding=&#8221;no-extra-padding&#8221; column_padding_position=&#8221;all&#8221; background_color_opacity=&#8221;1&#8243; background_hover_color_opacity=&#8221;1&#8243; column_shadow=&#8221;none&#8221; width=&#8221;1\/1&#8243; tablet_text_alignment=&#8221;default&#8221; phone_text_alignment=&#8221;default&#8221; column_border_width=&#8221;none&#8221; column_border_style=&#8221;solid&#8221;][\/vc_column][\/vc_row][vc_row type=&#8221;in_container&#8221; full_screen_row_position=&#8221;middle&#8221; scene_position=&#8221;center&#8221; text_color=&#8221;dark&#8221; text_align=&#8221;left&#8221; overlay_strength=&#8221;0.3&#8243;][vc_column enable_animation=&#8221;true&#8221; animation=&#8221;fade-in-from-left&#8221; column_padding=&#8221;padding-3-percent&#8221; column_padding_position=&#8221;all&#8221; background_color_opacity=&#8221;1&#8243; background_hover_color_opacity=&#8221;1&#8243; column_shadow=&#8221;none&#8221; width=&#8221;1\/2&#8243; tablet_text_alignment=&#8221;default&#8221; phone_text_alignment=&#8221;default&#8221; column_border_width=&#8221;none&#8221; column_border_style=&#8221;solid&#8221;][vc_column_text] Opseg na\u0161ih usluga, temeljen na iskustvu koje imamo, dokaz su da nismo samo ured, ve\u0107...\" \/>\n<meta property=\"og:url\" content=\"https:\/\/www.vukmir.net\/hr\/napredno-pravo-intelektualnog-vlasnistva\/\" \/>\n<meta property=\"og:site_name\" content=\"Vukmir and Associates\" \/>\n<meta property=\"article:modified_time\" content=\"2020-01-14T16:14:15+00:00\" \/>\n<meta property=\"og:image\" content=\"https:\/\/www.vukmir.net\/wp-content\/uploads\/2015\/07\/KAL6320.jpg\" \/>\n\t<meta property=\"og:image:width\" content=\"1920\" \/>\n\t<meta property=\"og:image:height\" content=\"1278\" \/>\n\t<meta property=\"og:image:type\" content=\"image\/jpeg\" \/>\n<meta name=\"twitter:card\" content=\"summary_large_image\" \/>\n<meta name=\"twitter:label1\" content=\"Procijenjeno vrijeme \u010ditanja\" \/>\n\t<meta name=\"twitter:data1\" content=\"5 minuta\" \/>\n<script type=\"application\/ld+json\" class=\"yoast-schema-graph\">{\"@context\":\"https:\/\/schema.org\",\"@graph\":[{\"@type\":\"WebPage\",\"@id\":\"https:\/\/www.vukmir.net\/hr\/napredno-pravo-intelektualnog-vlasnistva\/\",\"url\":\"https:\/\/www.vukmir.net\/hr\/napredno-pravo-intelektualnog-vlasnistva\/\",\"name\":\"Napredno pravo intelektualnog vlasni\u0161tva - Vukmir and Associates\",\"isPartOf\":{\"@id\":\"https:\/\/www.vukmir.net\/#website\"},\"datePublished\":\"2017-05-11T11:23:58+00:00\",\"dateModified\":\"2020-01-14T16:14:15+00:00\",\"breadcrumb\":{\"@id\":\"https:\/\/www.vukmir.net\/hr\/napredno-pravo-intelektualnog-vlasnistva\/#breadcrumb\"},\"inLanguage\":\"hr\",\"potentialAction\":[{\"@type\":\"ReadAction\",\"target\":[\"https:\/\/www.vukmir.net\/hr\/napredno-pravo-intelektualnog-vlasnistva\/\"]}]},{\"@type\":\"BreadcrumbList\",\"@id\":\"https:\/\/www.vukmir.net\/hr\/napredno-pravo-intelektualnog-vlasnistva\/#breadcrumb\",\"itemListElement\":[{\"@type\":\"ListItem\",\"position\":1,\"name\":\"Home\",\"item\":\"https:\/\/www.vukmir.net\/hr\/\"},{\"@type\":\"ListItem\",\"position\":2,\"name\":\"Napredno pravo intelektualnog vlasni\u0161tva\"}]},{\"@type\":\"WebSite\",\"@id\":\"https:\/\/www.vukmir.net\/#website\",\"url\":\"https:\/\/www.vukmir.net\/\",\"name\":\"Vukmir and Associates\",\"description\":\"A new direction in IP and IA legal services\",\"potentialAction\":[{\"@type\":\"SearchAction\",\"target\":{\"@type\":\"EntryPoint\",\"urlTemplate\":\"https:\/\/www.vukmir.net\/?s={search_term_string}\"},\"query-input\":{\"@type\":\"PropertyValueSpecification\",\"valueRequired\":true,\"valueName\":\"search_term_string\"}}],\"inLanguage\":\"hr\"}]}<\/script>\n<!-- \/ Yoast SEO plugin. -->","yoast_head_json":{"title":"Napredno pravo intelektualnog vlasni\u0161tva - Vukmir and Associates","robots":{"index":"index","follow":"follow","max-snippet":"max-snippet:-1","max-image-preview":"max-image-preview:large","max-video-preview":"max-video-preview:-1"},"canonical":"https:\/\/www.vukmir.net\/hr\/napredno-pravo-intelektualnog-vlasnistva\/","og_locale":"hr_HR","og_type":"article","og_title":"Napredno pravo intelektualnog vlasni\u0161tva - Vukmir and Associates","og_description":"[vc_row type=&#8221;in_container&#8221; full_screen_row_position=&#8221;middle&#8221; scene_position=&#8221;center&#8221; text_color=&#8221;dark&#8221; text_align=&#8221;left&#8221; overlay_strength=&#8221;0.3&#8243;][vc_column column_padding=&#8221;no-extra-padding&#8221; column_padding_position=&#8221;all&#8221; background_color_opacity=&#8221;1&#8243; background_hover_color_opacity=&#8221;1&#8243; column_shadow=&#8221;none&#8221; width=&#8221;1\/1&#8243; tablet_text_alignment=&#8221;default&#8221; phone_text_alignment=&#8221;default&#8221; column_border_width=&#8221;none&#8221; column_border_style=&#8221;solid&#8221;][\/vc_column][\/vc_row][vc_row type=&#8221;in_container&#8221; full_screen_row_position=&#8221;middle&#8221; scene_position=&#8221;center&#8221; text_color=&#8221;dark&#8221; text_align=&#8221;left&#8221; overlay_strength=&#8221;0.3&#8243;][vc_column enable_animation=&#8221;true&#8221; animation=&#8221;fade-in-from-left&#8221; column_padding=&#8221;padding-3-percent&#8221; column_padding_position=&#8221;all&#8221; background_color_opacity=&#8221;1&#8243; background_hover_color_opacity=&#8221;1&#8243; column_shadow=&#8221;none&#8221; width=&#8221;1\/2&#8243; tablet_text_alignment=&#8221;default&#8221; phone_text_alignment=&#8221;default&#8221; column_border_width=&#8221;none&#8221; column_border_style=&#8221;solid&#8221;][vc_column_text] Opseg na\u0161ih usluga, temeljen na iskustvu koje imamo, dokaz su da nismo samo ured, ve\u0107...","og_url":"https:\/\/www.vukmir.net\/hr\/napredno-pravo-intelektualnog-vlasnistva\/","og_site_name":"Vukmir and Associates","article_modified_time":"2020-01-14T16:14:15+00:00","og_image":[{"width":1920,"height":1278,"url":"https:\/\/www.vukmir.net\/wp-content\/uploads\/2015\/07\/KAL6320.jpg","type":"image\/jpeg"}],"twitter_card":"summary_large_image","twitter_misc":{"Procijenjeno vrijeme \u010ditanja":"5 minuta"},"schema":{"@context":"https:\/\/schema.org","@graph":[{"@type":"WebPage","@id":"https:\/\/www.vukmir.net\/hr\/napredno-pravo-intelektualnog-vlasnistva\/","url":"https:\/\/www.vukmir.net\/hr\/napredno-pravo-intelektualnog-vlasnistva\/","name":"Napredno pravo intelektualnog vlasni\u0161tva - Vukmir and Associates","isPartOf":{"@id":"https:\/\/www.vukmir.net\/#website"},"datePublished":"2017-05-11T11:23:58+00:00","dateModified":"2020-01-14T16:14:15+00:00","breadcrumb":{"@id":"https:\/\/www.vukmir.net\/hr\/napredno-pravo-intelektualnog-vlasnistva\/#breadcrumb"},"inLanguage":"hr","potentialAction":[{"@type":"ReadAction","target":["https:\/\/www.vukmir.net\/hr\/napredno-pravo-intelektualnog-vlasnistva\/"]}]},{"@type":"BreadcrumbList","@id":"https:\/\/www.vukmir.net\/hr\/napredno-pravo-intelektualnog-vlasnistva\/#breadcrumb","itemListElement":[{"@type":"ListItem","position":1,"name":"Home","item":"https:\/\/www.vukmir.net\/hr\/"},{"@type":"ListItem","position":2,"name":"Napredno pravo intelektualnog vlasni\u0161tva"}]},{"@type":"WebSite","@id":"https:\/\/www.vukmir.net\/#website","url":"https:\/\/www.vukmir.net\/","name":"Vukmir and Associates","description":"A new direction in IP and IA legal services","potentialAction":[{"@type":"SearchAction","target":{"@type":"EntryPoint","urlTemplate":"https:\/\/www.vukmir.net\/?s={search_term_string}"},"query-input":{"@type":"PropertyValueSpecification","valueRequired":true,"valueName":"search_term_string"}}],"inLanguage":"hr"}]}},"_links":{"self":[{"href":"https:\/\/www.vukmir.net\/hr\/wp-json\/wp\/v2\/pages\/6902","targetHints":{"allow":["GET"]}}],"collection":[{"href":"https:\/\/www.vukmir.net\/hr\/wp-json\/wp\/v2\/pages"}],"about":[{"href":"https:\/\/www.vukmir.net\/hr\/wp-json\/wp\/v2\/types\/page"}],"author":[{"embeddable":true,"href":"https:\/\/www.vukmir.net\/hr\/wp-json\/wp\/v2\/users\/2"}],"replies":[{"embeddable":true,"href":"https:\/\/www.vukmir.net\/hr\/wp-json\/wp\/v2\/comments?post=6902"}],"version-history":[{"count":0,"href":"https:\/\/www.vukmir.net\/hr\/wp-json\/wp\/v2\/pages\/6902\/revisions"}],"wp:attachment":[{"href":"https:\/\/www.vukmir.net\/hr\/wp-json\/wp\/v2\/media?parent=6902"}],"curies":[{"name":"wp","href":"https:\/\/api.w.org\/{rel}","templated":true}]}}