{"id":6900,"date":"2017-05-11T11:23:25","date_gmt":"2017-05-11T11:23:25","guid":{"rendered":"http:\/\/www.vukmir.net\/?page_id=6900\/"},"modified":"2020-01-14T16:14:19","modified_gmt":"2020-01-14T16:14:19","slug":"zastita-patenata-i-zigova","status":"publish","type":"page","link":"https:\/\/www.vukmir.net\/hr\/zastita-patenata-i-zigova\/","title":{"rendered":"Za\u0161tita patenata i \u017eigova"},"content":{"rendered":"[vc_row type=&#8221;in_container&#8221; full_screen_row_position=&#8221;middle&#8221; scene_position=&#8221;center&#8221; text_color=&#8221;dark&#8221; text_align=&#8221;left&#8221; overlay_strength=&#8221;0.3&#8243;][vc_column column_padding=&#8221;no-extra-padding&#8221; column_padding_position=&#8221;all&#8221; background_color_opacity=&#8221;1&#8243; background_hover_color_opacity=&#8221;1&#8243; column_shadow=&#8221;none&#8221; width=&#8221;1\/1&#8243; tablet_text_alignment=&#8221;default&#8221; phone_text_alignment=&#8221;default&#8221; column_border_width=&#8221;none&#8221; column_border_style=&#8221;solid&#8221;]\r\n    <div class=\"col span_12 section-title text-align-center extra-padding\">\r\n\t\t<h2>\n<h2>Za\u0161tita patenata i \u017eigova<\/h2>\n<\/h2><\/div><div class=\"clear\"><\/div>[\/vc_column][\/vc_row][vc_row type=&#8221;in_container&#8221; full_screen_row_position=&#8221;middle&#8221; scene_position=&#8221;center&#8221; text_color=&#8221;dark&#8221; text_align=&#8221;left&#8221; overlay_strength=&#8221;0.3&#8243;][vc_column enable_animation=&#8221;true&#8221; animation=&#8221;fade-in-from-left&#8221; column_padding=&#8221;padding-3-percent&#8221; column_padding_position=&#8221;all&#8221; background_color_opacity=&#8221;1&#8243; background_hover_color_opacity=&#8221;1&#8243; column_shadow=&#8221;none&#8221; width=&#8221;1\/2&#8243; tablet_text_alignment=&#8221;default&#8221; phone_text_alignment=&#8221;default&#8221; column_border_width=&#8221;none&#8221; column_border_style=&#8221;solid&#8221;][vc_column_text]\n<h3>Za\u0161tita patenata i \u017eigova dio je patentne i \u017eigovne zastupni\u010dke djelatnosti koja je usko povezana s na\u0161im odvjetni\u010dkim radom na podru\u010dju pravne za\u0161tite prava intelektualnog vlasni\u0161tva<\/h3>\n<p>Na\u0161 ured djeluje kao patentni i \u017eigovni zastupnik brojnih doma\u0107ih i stranih trgova\u010dkih dru\u0161tava. Pru\u017eamo pomo\u0107 prilikom ostvarivanja prava intelektualnog vlasni\u0161tva u Hrvatskoj i drugim zemljama Srednje i Isto\u010dne Europe, a za doma\u0107e stranke provodimo za\u0161titu u regiji, ali i diljem svijeta. U slu\u010daju potrebe, na\u0161 ured, kao odvjetni\u010dki ured, zastupa stranke u parni\u010dnim postupcima povrede prava \u017eiga, autorskog prava i patenata te daje pravna mi\u0161ljenja o pitanjima autorskog prava u industriji zabave i softverskoj industriji. Posebno se bavimo pravom multimedija, televizijskih i filmskih produkcija i autorskim pravom na glazbenim, audiovizualnim i drugim djelima te pravima dizajna i zemljopisnim oznakama.<br \/>\nKao odvjetni\u010dki ured, podjednako smo stru\u010dni u patentnom, \u017eigovnom i autorskom pravu te drugim vidovima prava IV i njima srodnih prava, kao \u0161to je za\u0161tita oznake izvornosti i oznake geografskog podrijetla. Bogata iskustva i znanja koja smo stekli u navedenim podru\u010djima omogu\u0107uju nam odabir djelotvornih savjetodavnih rje\u0161enja koja poti\u010du rast (saznajte vi\u0161e o <a href=\"https:\/\/www.vukmir.net\/hr\/strateske-usluge-koje-poticu-rast\/\">Strate\u0161kim uslugama koje poti\u010du rast<\/a>).[\/vc_column_text][\/vc_column][vc_column enable_animation=&#8221;true&#8221; animation=&#8221;fade-in-from-bottom&#8221; column_padding=&#8221;padding-3-percent&#8221; column_padding_position=&#8221;all&#8221; background_color_opacity=&#8221;1&#8243; background_hover_color_opacity=&#8221;1&#8243; column_shadow=&#8221;none&#8221; width=&#8221;1\/2&#8243; tablet_text_alignment=&#8221;default&#8221; phone_text_alignment=&#8221;default&#8221; column_border_width=&#8221;none&#8221; column_border_style=&#8221;solid&#8221; delay=&#8221;200&#8243;]<div class=\"iwithtext\"><div class=\"iwt-icon\"> <i class=\"icon-default-style steadysets-icon-files accent-color\"><\/i> <\/div><div class=\"iwt-text\"> \n<h3>Opseg usluga<\/h3>\n <\/div><div class=\"clear\"><\/div><\/div>[vc_column_text]\n<ul>\n<li>Pretraga patenata<\/li>\n<li>Mi\u0161ljenja o preklapanju za\u0161tite na podru\u010dju patenata<\/li>\n<li>Pretrage dostupnosti i kori\u0161tenja \u017eigova<\/li>\n<li>Sastavljanje patenata<\/li>\n<li>Upravljanje portfeljima patenata, \u017eigova, dizajna i ostalim pravima intelektualnog vlasni\u0161tva<\/li>\n<li>Rad na \u017ealbenim postupcima i poni\u0161tavanjima na podru\u010dju prava intelektualnog vlasni\u0161tva<\/li>\n<\/ul>\n[\/vc_column_text][\/vc_column][\/vc_row][vc_row type=&#8221;in_container&#8221; full_screen_row_position=&#8221;middle&#8221; scene_position=&#8221;center&#8221; text_color=&#8221;dark&#8221; text_align=&#8221;left&#8221; overlay_strength=&#8221;0.3&#8243;][vc_column column_padding=&#8221;no-extra-padding&#8221; column_padding_position=&#8221;all&#8221; background_color_opacity=&#8221;1&#8243; background_hover_color_opacity=&#8221;1&#8243; column_shadow=&#8221;none&#8221; width=&#8221;1\/1&#8243; tablet_text_alignment=&#8221;default&#8221; phone_text_alignment=&#8221;default&#8221; column_border_width=&#8221;none&#8221; column_border_style=&#8221;solid&#8221;]<div class=\"divider-wrap\"><div style=\"margin-top: 2px; height: 1px; margin-bottom: 2px;\" data-width=\"100%\" data-animate=\"\" data-animation-delay=\"\" data-color=\"default\" class=\"divider-border\"><\/div><\/div>[\/vc_column][\/vc_row][vc_row type=&#8221;in_container&#8221; full_screen_row_position=&#8221;middle&#8221; scene_position=&#8221;center&#8221; text_color=&#8221;dark&#8221; text_align=&#8221;left&#8221; overlay_strength=&#8221;0.3&#8243;][vc_column column_padding=&#8221;no-extra-padding&#8221; column_padding_position=&#8221;all&#8221; background_color_opacity=&#8221;1&#8243; background_hover_color_opacity=&#8221;1&#8243; column_shadow=&#8221;none&#8221; width=&#8221;1\/4&#8243; tablet_text_alignment=&#8221;default&#8221; phone_text_alignment=&#8221;default&#8221; column_border_width=&#8221;none&#8221; column_border_style=&#8221;solid&#8221;][vc_column_text]\n<p style=\"text-align: center;\"><a href=\"https:\/\/www.vukmir.net\/hr\/korporativne-trgovacke-i-bankarske-pravne-usluge\/\">Trgova\u010dko pravo i pravo dru\u0161tava<\/a><\/p>\n[\/vc_column_text][\/vc_column][vc_column column_padding=&#8221;no-extra-padding&#8221; column_padding_position=&#8221;all&#8221; background_color_opacity=&#8221;1&#8243; background_hover_color_opacity=&#8221;1&#8243; column_shadow=&#8221;none&#8221; width=&#8221;1\/4&#8243; tablet_text_alignment=&#8221;default&#8221; phone_text_alignment=&#8221;default&#8221; column_border_width=&#8221;none&#8221; column_border_style=&#8221;solid&#8221;][vc_column_text]\n<p style=\"text-align: center;\"><a href=\"https:\/\/www.vukmir.net\/hr\/napredno-rjesavanje-sporova\/\">Napredno rje\u0161avanje sporova<\/a><\/p>\n[\/vc_column_text][\/vc_column][vc_column column_padding=&#8221;no-extra-padding&#8221; column_padding_position=&#8221;all&#8221; background_color_opacity=&#8221;1&#8243; background_hover_color_opacity=&#8221;1&#8243; column_shadow=&#8221;none&#8221; width=&#8221;1\/4&#8243; tablet_text_alignment=&#8221;default&#8221; phone_text_alignment=&#8221;default&#8221; column_border_width=&#8221;none&#8221; column_border_style=&#8221;solid&#8221;][vc_column_text]\n<p style=\"text-align: center;\"><a href=\"https:\/\/www.vukmir.net\/hr\/strateske-usluge-koje-poticu-rast\/\">Strate\u0161ki rast<\/a><\/p>\n[\/vc_column_text][\/vc_column][vc_column column_padding=&#8221;no-extra-padding&#8221; column_padding_position=&#8221;all&#8221; background_color_opacity=&#8221;1&#8243; background_hover_color_opacity=&#8221;1&#8243; column_shadow=&#8221;none&#8221; width=&#8221;1\/4&#8243; tablet_text_alignment=&#8221;default&#8221; phone_text_alignment=&#8221;default&#8221; column_border_width=&#8221;none&#8221; column_border_style=&#8221;solid&#8221;][vc_column_text]\n<p style=\"text-align: center;\"><a href=\"https:\/\/www.vukmir.net\/hr\/napredno-pravo-intelektualnog-vlasnistva\/\">Napredno intelektualno vlasni\u0161tvo<\/a><\/p>\n[\/vc_column_text][\/vc_column][\/vc_row]\n","protected":false},"excerpt":{"rendered":"<p>[vc_row type=&#8221;in_container&#8221; full_screen_row_position=&#8221;middle&#8221; scene_position=&#8221;center&#8221; text_color=&#8221;dark&#8221; text_align=&#8221;left&#8221; overlay_strength=&#8221;0.3&#8243;][vc_column column_padding=&#8221;no-extra-padding&#8221; column_padding_position=&#8221;all&#8221; background_color_opacity=&#8221;1&#8243; background_hover_color_opacity=&#8221;1&#8243; column_shadow=&#8221;none&#8221; width=&#8221;1\/1&#8243; tablet_text_alignment=&#8221;default&#8221; phone_text_alignment=&#8221;default&#8221; column_border_width=&#8221;none&#8221; column_border_style=&#8221;solid&#8221;][\/vc_column][\/vc_row][vc_row type=&#8221;in_container&#8221; full_screen_row_position=&#8221;middle&#8221; scene_position=&#8221;center&#8221; text_color=&#8221;dark&#8221; text_align=&#8221;left&#8221; overlay_strength=&#8221;0.3&#8243;][vc_column enable_animation=&#8221;true&#8221; animation=&#8221;fade-in-from-left&#8221; column_padding=&#8221;padding-3-percent&#8221; column_padding_position=&#8221;all&#8221; background_color_opacity=&#8221;1&#8243; background_hover_color_opacity=&#8221;1&#8243; column_shadow=&#8221;none&#8221; width=&#8221;1\/2&#8243; tablet_text_alignment=&#8221;default&#8221; phone_text_alignment=&#8221;default&#8221; column_border_width=&#8221;none&#8221; column_border_style=&#8221;solid&#8221;][vc_column_text] Za\u0161tita patenata i \u017eigova dio je patentne i \u017eigovne zastupni\u010dke djelatnosti koja je usko povezana&#8230;<\/p>\n","protected":false},"author":2,"featured_media":0,"parent":0,"menu_order":0,"comment_status":"closed","ping_status":"closed","template":"","meta":{"footnotes":""},"class_list":["post-6900","page","type-page","status-publish","hentry"],"yoast_head":"<!-- This site is optimized with the Yoast SEO plugin v24.6 - https:\/\/yoast.com\/wordpress\/plugins\/seo\/ -->\n<title>Za\u0161tita patenata i \u017eigova - Vukmir and Associates<\/title>\n<meta name=\"robots\" content=\"index, follow, max-snippet:-1, max-image-preview:large, max-video-preview:-1\" \/>\n<link rel=\"canonical\" href=\"https:\/\/www.vukmir.net\/hr\/zastita-patenata-i-zigova\/\" \/>\n<meta property=\"og:locale\" content=\"hr_HR\" \/>\n<meta property=\"og:type\" content=\"article\" \/>\n<meta property=\"og:title\" content=\"Za\u0161tita patenata i \u017eigova - Vukmir and Associates\" \/>\n<meta property=\"og:description\" content=\"[vc_row type=&#8221;in_container&#8221; full_screen_row_position=&#8221;middle&#8221; scene_position=&#8221;center&#8221; text_color=&#8221;dark&#8221; text_align=&#8221;left&#8221; overlay_strength=&#8221;0.3&#8243;][vc_column column_padding=&#8221;no-extra-padding&#8221; column_padding_position=&#8221;all&#8221; background_color_opacity=&#8221;1&#8243; background_hover_color_opacity=&#8221;1&#8243; column_shadow=&#8221;none&#8221; width=&#8221;1\/1&#8243; tablet_text_alignment=&#8221;default&#8221; phone_text_alignment=&#8221;default&#8221; column_border_width=&#8221;none&#8221; column_border_style=&#8221;solid&#8221;][\/vc_column][\/vc_row][vc_row type=&#8221;in_container&#8221; full_screen_row_position=&#8221;middle&#8221; scene_position=&#8221;center&#8221; text_color=&#8221;dark&#8221; text_align=&#8221;left&#8221; overlay_strength=&#8221;0.3&#8243;][vc_column enable_animation=&#8221;true&#8221; animation=&#8221;fade-in-from-left&#8221; column_padding=&#8221;padding-3-percent&#8221; column_padding_position=&#8221;all&#8221; background_color_opacity=&#8221;1&#8243; background_hover_color_opacity=&#8221;1&#8243; column_shadow=&#8221;none&#8221; width=&#8221;1\/2&#8243; tablet_text_alignment=&#8221;default&#8221; phone_text_alignment=&#8221;default&#8221; column_border_width=&#8221;none&#8221; column_border_style=&#8221;solid&#8221;][vc_column_text] Za\u0161tita patenata i \u017eigova dio je patentne i \u017eigovne zastupni\u010dke djelatnosti koja je usko povezana...\" \/>\n<meta property=\"og:url\" content=\"https:\/\/www.vukmir.net\/hr\/zastita-patenata-i-zigova\/\" \/>\n<meta property=\"og:site_name\" content=\"Vukmir and Associates\" \/>\n<meta property=\"article:modified_time\" content=\"2020-01-14T16:14:19+00:00\" \/>\n<meta property=\"og:image\" content=\"https:\/\/www.vukmir.net\/wp-content\/uploads\/2015\/07\/KAL6320.jpg\" \/>\n\t<meta property=\"og:image:width\" content=\"1920\" \/>\n\t<meta property=\"og:image:height\" content=\"1278\" \/>\n\t<meta property=\"og:image:type\" content=\"image\/jpeg\" \/>\n<meta name=\"twitter:card\" content=\"summary_large_image\" \/>\n<meta name=\"twitter:label1\" content=\"Procijenjeno vrijeme \u010ditanja\" \/>\n\t<meta name=\"twitter:data1\" content=\"4 minute\" \/>\n<script type=\"application\/ld+json\" class=\"yoast-schema-graph\">{\"@context\":\"https:\/\/schema.org\",\"@graph\":[{\"@type\":\"WebPage\",\"@id\":\"https:\/\/www.vukmir.net\/hr\/zastita-patenata-i-zigova\/\",\"url\":\"https:\/\/www.vukmir.net\/hr\/zastita-patenata-i-zigova\/\",\"name\":\"Za\u0161tita patenata i \u017eigova - Vukmir and Associates\",\"isPartOf\":{\"@id\":\"https:\/\/www.vukmir.net\/#website\"},\"datePublished\":\"2017-05-11T11:23:25+00:00\",\"dateModified\":\"2020-01-14T16:14:19+00:00\",\"breadcrumb\":{\"@id\":\"https:\/\/www.vukmir.net\/hr\/zastita-patenata-i-zigova\/#breadcrumb\"},\"inLanguage\":\"hr\",\"potentialAction\":[{\"@type\":\"ReadAction\",\"target\":[\"https:\/\/www.vukmir.net\/hr\/zastita-patenata-i-zigova\/\"]}]},{\"@type\":\"BreadcrumbList\",\"@id\":\"https:\/\/www.vukmir.net\/hr\/zastita-patenata-i-zigova\/#breadcrumb\",\"itemListElement\":[{\"@type\":\"ListItem\",\"position\":1,\"name\":\"Home\",\"item\":\"https:\/\/www.vukmir.net\/hr\/\"},{\"@type\":\"ListItem\",\"position\":2,\"name\":\"Za\u0161tita patenata i \u017eigova\"}]},{\"@type\":\"WebSite\",\"@id\":\"https:\/\/www.vukmir.net\/#website\",\"url\":\"https:\/\/www.vukmir.net\/\",\"name\":\"Vukmir and Associates\",\"description\":\"A new direction in IP and IA legal services\",\"potentialAction\":[{\"@type\":\"SearchAction\",\"target\":{\"@type\":\"EntryPoint\",\"urlTemplate\":\"https:\/\/www.vukmir.net\/?s={search_term_string}\"},\"query-input\":{\"@type\":\"PropertyValueSpecification\",\"valueRequired\":true,\"valueName\":\"search_term_string\"}}],\"inLanguage\":\"hr\"}]}<\/script>\n<!-- \/ Yoast SEO plugin. -->","yoast_head_json":{"title":"Za\u0161tita patenata i \u017eigova - Vukmir and Associates","robots":{"index":"index","follow":"follow","max-snippet":"max-snippet:-1","max-image-preview":"max-image-preview:large","max-video-preview":"max-video-preview:-1"},"canonical":"https:\/\/www.vukmir.net\/hr\/zastita-patenata-i-zigova\/","og_locale":"hr_HR","og_type":"article","og_title":"Za\u0161tita patenata i \u017eigova - Vukmir and Associates","og_description":"[vc_row type=&#8221;in_container&#8221; full_screen_row_position=&#8221;middle&#8221; scene_position=&#8221;center&#8221; text_color=&#8221;dark&#8221; text_align=&#8221;left&#8221; overlay_strength=&#8221;0.3&#8243;][vc_column column_padding=&#8221;no-extra-padding&#8221; column_padding_position=&#8221;all&#8221; background_color_opacity=&#8221;1&#8243; background_hover_color_opacity=&#8221;1&#8243; column_shadow=&#8221;none&#8221; width=&#8221;1\/1&#8243; tablet_text_alignment=&#8221;default&#8221; phone_text_alignment=&#8221;default&#8221; column_border_width=&#8221;none&#8221; column_border_style=&#8221;solid&#8221;][\/vc_column][\/vc_row][vc_row type=&#8221;in_container&#8221; full_screen_row_position=&#8221;middle&#8221; scene_position=&#8221;center&#8221; text_color=&#8221;dark&#8221; text_align=&#8221;left&#8221; overlay_strength=&#8221;0.3&#8243;][vc_column enable_animation=&#8221;true&#8221; animation=&#8221;fade-in-from-left&#8221; column_padding=&#8221;padding-3-percent&#8221; column_padding_position=&#8221;all&#8221; background_color_opacity=&#8221;1&#8243; background_hover_color_opacity=&#8221;1&#8243; column_shadow=&#8221;none&#8221; width=&#8221;1\/2&#8243; tablet_text_alignment=&#8221;default&#8221; phone_text_alignment=&#8221;default&#8221; column_border_width=&#8221;none&#8221; column_border_style=&#8221;solid&#8221;][vc_column_text] Za\u0161tita patenata i \u017eigova dio je patentne i \u017eigovne zastupni\u010dke djelatnosti koja je usko povezana...","og_url":"https:\/\/www.vukmir.net\/hr\/zastita-patenata-i-zigova\/","og_site_name":"Vukmir and Associates","article_modified_time":"2020-01-14T16:14:19+00:00","og_image":[{"width":1920,"height":1278,"url":"https:\/\/www.vukmir.net\/wp-content\/uploads\/2015\/07\/KAL6320.jpg","type":"image\/jpeg"}],"twitter_card":"summary_large_image","twitter_misc":{"Procijenjeno vrijeme \u010ditanja":"4 minute"},"schema":{"@context":"https:\/\/schema.org","@graph":[{"@type":"WebPage","@id":"https:\/\/www.vukmir.net\/hr\/zastita-patenata-i-zigova\/","url":"https:\/\/www.vukmir.net\/hr\/zastita-patenata-i-zigova\/","name":"Za\u0161tita patenata i \u017eigova - Vukmir and Associates","isPartOf":{"@id":"https:\/\/www.vukmir.net\/#website"},"datePublished":"2017-05-11T11:23:25+00:00","dateModified":"2020-01-14T16:14:19+00:00","breadcrumb":{"@id":"https:\/\/www.vukmir.net\/hr\/zastita-patenata-i-zigova\/#breadcrumb"},"inLanguage":"hr","potentialAction":[{"@type":"ReadAction","target":["https:\/\/www.vukmir.net\/hr\/zastita-patenata-i-zigova\/"]}]},{"@type":"BreadcrumbList","@id":"https:\/\/www.vukmir.net\/hr\/zastita-patenata-i-zigova\/#breadcrumb","itemListElement":[{"@type":"ListItem","position":1,"name":"Home","item":"https:\/\/www.vukmir.net\/hr\/"},{"@type":"ListItem","position":2,"name":"Za\u0161tita patenata i \u017eigova"}]},{"@type":"WebSite","@id":"https:\/\/www.vukmir.net\/#website","url":"https:\/\/www.vukmir.net\/","name":"Vukmir and Associates","description":"A new direction in IP and IA legal services","potentialAction":[{"@type":"SearchAction","target":{"@type":"EntryPoint","urlTemplate":"https:\/\/www.vukmir.net\/?s={search_term_string}"},"query-input":{"@type":"PropertyValueSpecification","valueRequired":true,"valueName":"search_term_string"}}],"inLanguage":"hr"}]}},"_links":{"self":[{"href":"https:\/\/www.vukmir.net\/hr\/wp-json\/wp\/v2\/pages\/6900","targetHints":{"allow":["GET"]}}],"collection":[{"href":"https:\/\/www.vukmir.net\/hr\/wp-json\/wp\/v2\/pages"}],"about":[{"href":"https:\/\/www.vukmir.net\/hr\/wp-json\/wp\/v2\/types\/page"}],"author":[{"embeddable":true,"href":"https:\/\/www.vukmir.net\/hr\/wp-json\/wp\/v2\/users\/2"}],"replies":[{"embeddable":true,"href":"https:\/\/www.vukmir.net\/hr\/wp-json\/wp\/v2\/comments?post=6900"}],"version-history":[{"count":0,"href":"https:\/\/www.vukmir.net\/hr\/wp-json\/wp\/v2\/pages\/6900\/revisions"}],"wp:attachment":[{"href":"https:\/\/www.vukmir.net\/hr\/wp-json\/wp\/v2\/media?parent=6900"}],"curies":[{"name":"wp","href":"https:\/\/api.w.org\/{rel}","templated":true}]}}