{"id":6899,"date":"2017-05-11T11:23:07","date_gmt":"2017-05-11T11:23:07","guid":{"rendered":"http:\/\/www.vukmir.net\/?page_id=6899\/"},"modified":"2020-01-14T16:14:18","modified_gmt":"2020-01-14T16:14:18","slug":"opseg-usluga","status":"publish","type":"page","link":"https:\/\/www.vukmir.net\/hr\/opseg-usluga\/","title":{"rendered":"Opseg usluga"},"content":{"rendered":"[vc_row type=&#8221;full_width_background&#8221; full_screen_row_position=&#8221;middle&#8221; bg_image=&#8221;6165&#8243; bg_position=&#8221;left top&#8221; bg_repeat=&#8221;no-repeat&#8221; scene_position=&#8221;top&#8221; layer_one_image=&#8221;6166&#8243; layer_one_strength=&#8221;0.3&#8243; layer_two_image=&#8221;5373&#8243; layer_two_strength=&#8221;0.4&#8243; text_color=&#8221;light&#8221; text_align=&#8221;left&#8221; top_padding=&#8221;160&#8243; bottom_padding=&#8221;120&#8243; enable_gradient=&#8221;true&#8221; color_overlay=&#8221;#0a0a0a&#8221; color_overlay_2=&#8221;#5f5f5f&#8221; gradient_direction=&#8221;left_to_right&#8221; overlay_strength=&#8221;0.5&#8243;][vc_column enable_animation=&#8221;true&#8221; animation=&#8221;fade-in&#8221; column_padding=&#8221;no-extra-padding&#8221; column_padding_position=&#8221;all&#8221; background_color_opacity=&#8221;1&#8243; background_hover_color_opacity=&#8221;1&#8243; column_shadow=&#8221;none&#8221; width=&#8221;1\/1&#8243; tablet_text_alignment=&#8221;default&#8221; phone_text_alignment=&#8221;default&#8221; column_border_width=&#8221;none&#8221; column_border_style=&#8221;solid&#8221;][vc_column_text]\n<h2 style=\"text-align: center;\">Iscrpan pregled podru\u010dja na\u0161e prakse!<\/h2>\n[\/vc_column_text][\/vc_column][\/vc_row][vc_row type=&#8221;full_width_background&#8221; full_screen_row_position=&#8221;middle&#8221; scene_position=&#8221;center&#8221; text_color=&#8221;dark&#8221; text_align=&#8221;left&#8221; top_padding=&#8221;80&#8243; bottom_padding=&#8221;40&#8243; overlay_strength=&#8221;0.3&#8243;][vc_column enable_animation=&#8221;true&#8221; animation=&#8221;fade-in-from-bottom&#8221; column_padding=&#8221;no-extra-padding&#8221; column_padding_position=&#8221;all&#8221; background_color_opacity=&#8221;1&#8243; background_hover_color_opacity=&#8221;1&#8243; column_shadow=&#8221;none&#8221; width=&#8221;1\/1&#8243; tablet_text_alignment=&#8221;default&#8221; phone_text_alignment=&#8221;default&#8221; column_border_width=&#8221;none&#8221; column_border_style=&#8221;solid&#8221; delay=&#8221;200&#8243;][tabbed_section style=&#8221;vertical&#8221;][tab title=&#8221;Korporativne, trgova\u010dke i bankarske usluge&#8221; id=&#8221;1491546894-1-10&#8243; tab_id=&#8221;1491546942835-9&#8243;][vc_column_text]\n<ul class=\"left_list\">\n<li class=\"left_list_li\">Osnivanje dru\u0161tava i prate\u0107a podr\u0161ka<\/li>\n<li class=\"left_list_li\">Pravo trgova\u010dkih dru\u0161tava i vo\u0111enje korporativnog poslovanja<\/li>\n<li class=\"left_list_li\">Licencni, fran\u0161izni i distribucijski ugovori<\/li>\n<li class=\"left_list_li\">Op\u0107i trgova\u010dki ugovori<\/li>\n<li class=\"left_list_li\">Pravo tr\u017ei\u0161nog natjecanja (antikartelsko pravo)<\/li>\n<li class=\"left_list_li\">Bankarsko pravo<\/li>\n<li class=\"left_list_li\">Pravna mi\u0161ljenja o slo\u017eenim pitanjima na podru\u010dju trgova\u010dkog prava<\/li>\n<li class=\"left_list_li\">Izvje\u0161taji o provedenom postupku dubinskog snimanja<\/li>\n<li class=\"left_list_li\">Ugovori o osiguranju<\/li>\n<li class=\"left_list_li\">Ugovori o stranim zajmovima, ulaganjima i hipoteci<\/li>\n<li class=\"left_list_li\">Nekretnine<\/li>\n<li class=\"left_list_li\">Naplata dugova<\/li>\n<li class=\"left_list_li\">Pravo o gradnji, privatizaciji i koncesiji<\/li>\n<li class=\"left_list_li\">Radno i imigracijsko pravo<\/li>\n<li class=\"left_list_li\">Nepo\u0161teno tr\u017ei\u0161no natjecanje<\/li>\n<li class=\"left_list_li\">Deklariranje i ozna\u010davanje proizvoda<\/li>\n<li class=\"left_list_li\">Za\u0161tita podataka i privatnosti<\/li>\n<li class=\"left_list_li\">Savjetodavne usluge vezane uz regulativu i ugovaranje na podru\u010dju informacijsko-komunikacijske tehnologije<\/li>\n<\/ul>\n<p style=\"text-align: right;\"><a class=\"nectar-button small accent-color regular-button\"  href=\"https:\/\/www.vukmir.net\/hr\/korporativne-trgovacke-i-bankarske-pravne-usluge\/\" data-color-override=\"false\" data-hover-color-override=\"false\" data-hover-text-color-override=\"#fff\"><span>Vidi vi\u0161e<\/span><\/a>\n[\/vc_column_text][\/tab][tab title=&#8221;Za\u0161tita patenata i \u017eigova&#8221; id=&#8221;1491546894-2-60&#8243; tab_id=&#8221;1491546942861-7&#8243;][vc_column_text]\n<ul class=\"left_list\">\n<li class=\"left_list_li\">Pretraga patenata<\/li>\n<li class=\"left_list_li\">Mi\u0161ljenja o preklapanju za\u0161tite na podru\u010dju patenata<\/li>\n<li class=\"left_list_li\">Pretrage dostupnosti i kori\u0161tenja \u017eigova<\/li>\n<li class=\"left_list_li\">Sastavljanje patenata<\/li>\n<li class=\"left_list_li\">Upravljanje patentima, \u017eigovima, dizajnima i ostalim pravima intelektualnog vlasni\u0161tva<\/li>\n<li class=\"left_list_li\">Me\u0111unarodno zastupanje i upravljanje pravima intelektualnog vlasni\u0161tva<\/li>\n<li class=\"left_list_li\">Rad sa \u017ealbenim postupcima i poni\u0161tavanjima na podru\u010dju prava intelektualnog vlasni\u0161tva<\/li>\n<\/ul>\n<p style=\"text-align: right;\"><a class=\"nectar-button small accent-color regular-button\"  href=\"https:\/\/www.vukmir.net\/hr\/zastita-patenata-i-zigova\/\" data-color-override=\"false\" data-hover-color-override=\"false\" data-hover-text-color-override=\"#fff\"><span>Vidi vi\u0161e<\/span><\/a>\n[\/vc_column_text][\/tab][tab title=&#8221;Napredno pravo intelektualnog vlasni\u0161tva&#8221; id=&#8221;1491547468745-2-1&#8243; tab_id=&#8221;1491547468755-10&#8243;][vc_column_text]\n<ul class=\"left\">\n<li class=\"left_list_li\">Savjetovanje, pregovaranje i sastavljanje ugovora s elementima intelektualnog vlasni\u0161tva<\/li>\n<li class=\"left_list_li\">Savjetovanje o licenciranju i fran\u0161izama<\/li>\n<li class=\"left_list_li\">Odabir poslovnog modela komercijalizacije IV<\/li>\n<li class=\"left_list_li\">Savjetovanje i podr\u0161ka za komercijalizaciju tehnologija<\/li>\n<li class=\"left_list_li\">Industrija zabave i mediji<\/li>\n<li class=\"left_list_li\">Ogla\u0161avanje i reklamiranje<\/li>\n<li class=\"left_list_li\">Za\u0161tita, registracija i odr\u017eavanje internetskih domena<\/li>\n<li class=\"left_list_li\">Pravo intelektualnog vlasni\u0161tva, posebice rad na ugovorima, transakcijama i za\u0161titi prava<\/li>\n<li class=\"left_list_li\">Za\u0161tita prava \u017eiga (kaznena, gra\u0111anska i upravna)<\/li>\n<li class=\"left_list_li\">Za\u0161tita prava IV pri carini, upravnim tijelima, gra\u0111anskim i kaznenim tijelima<\/li>\n<li class=\"left_list_li\">Rje\u0161avanje problema piratstva i krivotvorenja od prakti\u010dne primjene do primjene regulativa na svim razinama<\/li>\n<li class=\"left_list_li\">Mladen Vukmir je jedini panelist pri Administrativnom panelu za domene za svjetske generi\u010dke vr\u0161ne domene (gTLD) .com, .org, .net pri WIPO (UDRP) s podru\u010dja balkanske regije, kao i panelist u\/Carnetu\/lokalnom .hr sustavu nacionalne vr\u0161ne domene (ccTLD)<\/li>\n<li class=\"left_list_li\">Savjetovanje i priprema arbitra\u017ea za gTLD, ccTLD, UDRP i nacionalne sustave domenskih arbitra\u017ea<\/li>\n<\/ul>\n<p style=\"text-align: right;\"><a class=\"nectar-button small accent-color regular-button\"  href=\"https:\/\/www.vukmir.net\/hr\/napredno-pravo-intelektualnog-vlasnistva\/\" data-color-override=\"false\" data-hover-color-override=\"false\" data-hover-text-color-override=\"#fff\"><span>Vidi vi\u0161e<\/span><\/a>\n[\/vc_column_text][\/tab][tab title=&#8221;Strate\u0161ka rje\u0161enja koja poti\u010du rast&#8221; id=&#8221;1491547777881-3-2&#8243; tab_id=&#8221;1491547777899-9&#8243;][vc_column_text]\n<ul class=\"left\">\n<li class=\"right_list_li\">Strate\u0161ko upravljanje portfeljem nematerijalne imovine<\/li>\n<li class=\"right_list_li\">Prakti\u010dno strukturiranje i upravljanje portfeljem \u017eigova i patenata<\/li>\n<li class=\"right_list_li\">Osnove strukturiranja portfelja patenata<\/li>\n<li class=\"right_list_li\">Obuka svih razina uprave dru\u0161tava u pitanjima nematerijalne imovine<\/li>\n<\/ul>\n<p style=\"text-align: right;\"><a class=\"nectar-button small accent-color regular-button\"  href=\"https:\/\/www.vukmir.net\/hr\/strateske-usluge-koje-poticu-rast\/\" data-color-override=\"false\" data-hover-color-override=\"false\" data-hover-text-color-override=\"#fff\"><span>Vidi vi\u0161e<\/span><\/a>\n[\/vc_column_text][\/tab][tab title=&#8221;Napredno rje\u0161avanje sporova&#8221; id=&#8221;1491547890430-4-2&#8243; tab_id=&#8221;1491547890437-9&#8243;][vc_column_text]\n<p style=\"text-align: right;\"><a class=\"nectar-button small accent-color regular-button\"  href=\"https:\/\/www.vukmir.net\/hr\/napredno-rjesavanje-sporova\/\" data-color-override=\"false\" data-hover-color-override=\"false\" data-hover-text-color-override=\"#fff\"><span>Vidi vi\u0161e<\/span><\/a>\n[\/vc_column_text][\/tab][\/tabbed_section][\/vc_column][\/vc_row]\n","protected":false},"excerpt":{"rendered":"<p>[vc_row type=&#8221;full_width_background&#8221; full_screen_row_position=&#8221;middle&#8221; bg_image=&#8221;6165&#8243; bg_position=&#8221;left top&#8221; bg_repeat=&#8221;no-repeat&#8221; scene_position=&#8221;top&#8221; layer_one_image=&#8221;6166&#8243; layer_one_strength=&#8221;0.3&#8243; layer_two_image=&#8221;5373&#8243; layer_two_strength=&#8221;0.4&#8243; text_color=&#8221;light&#8221; text_align=&#8221;left&#8221; top_padding=&#8221;160&#8243; bottom_padding=&#8221;120&#8243; enable_gradient=&#8221;true&#8221; color_overlay=&#8221;#0a0a0a&#8221; color_overlay_2=&#8221;#5f5f5f&#8221; gradient_direction=&#8221;left_to_right&#8221; overlay_strength=&#8221;0.5&#8243;][vc_column enable_animation=&#8221;true&#8221; animation=&#8221;fade-in&#8221; column_padding=&#8221;no-extra-padding&#8221; column_padding_position=&#8221;all&#8221; background_color_opacity=&#8221;1&#8243; background_hover_color_opacity=&#8221;1&#8243; column_shadow=&#8221;none&#8221; width=&#8221;1\/1&#8243; tablet_text_alignment=&#8221;default&#8221; phone_text_alignment=&#8221;default&#8221; column_border_width=&#8221;none&#8221; column_border_style=&#8221;solid&#8221;][vc_column_text] Iscrpan pregled podru\u010dja na\u0161e prakse! [\/vc_column_text][\/vc_column][\/vc_row][vc_row type=&#8221;full_width_background&#8221; full_screen_row_position=&#8221;middle&#8221; scene_position=&#8221;center&#8221; text_color=&#8221;dark&#8221; text_align=&#8221;left&#8221; top_padding=&#8221;80&#8243; bottom_padding=&#8221;40&#8243; overlay_strength=&#8221;0.3&#8243;][vc_column enable_animation=&#8221;true&#8221; animation=&#8221;fade-in-from-bottom&#8221; column_padding=&#8221;no-extra-padding&#8221;&#8230;<\/p>\n","protected":false},"author":2,"featured_media":0,"parent":0,"menu_order":0,"comment_status":"closed","ping_status":"closed","template":"","meta":{"footnotes":""},"class_list":["post-6899","page","type-page","status-publish","hentry"],"yoast_head":"<!-- This site is optimized with the Yoast SEO plugin v24.6 - https:\/\/yoast.com\/wordpress\/plugins\/seo\/ -->\n<title>Opseg usluga - Vukmir and Associates<\/title>\n<meta name=\"robots\" content=\"index, follow, max-snippet:-1, max-image-preview:large, max-video-preview:-1\" \/>\n<link rel=\"canonical\" href=\"https:\/\/www.vukmir.net\/hr\/opseg-usluga\/\" \/>\n<meta property=\"og:locale\" content=\"hr_HR\" \/>\n<meta property=\"og:type\" content=\"article\" \/>\n<meta property=\"og:title\" content=\"Opseg usluga - Vukmir and Associates\" \/>\n<meta property=\"og:description\" content=\"[vc_row type=&#8221;full_width_background&#8221; full_screen_row_position=&#8221;middle&#8221; bg_image=&#8221;6165&#8243; bg_position=&#8221;left top&#8221; bg_repeat=&#8221;no-repeat&#8221; scene_position=&#8221;top&#8221; layer_one_image=&#8221;6166&#8243; layer_one_strength=&#8221;0.3&#8243; layer_two_image=&#8221;5373&#8243; layer_two_strength=&#8221;0.4&#8243; text_color=&#8221;light&#8221; text_align=&#8221;left&#8221; top_padding=&#8221;160&#8243; bottom_padding=&#8221;120&#8243; enable_gradient=&#8221;true&#8221; color_overlay=&#8221;#0a0a0a&#8221; color_overlay_2=&#8221;#5f5f5f&#8221; gradient_direction=&#8221;left_to_right&#8221; overlay_strength=&#8221;0.5&#8243;][vc_column enable_animation=&#8221;true&#8221; animation=&#8221;fade-in&#8221; column_padding=&#8221;no-extra-padding&#8221; column_padding_position=&#8221;all&#8221; background_color_opacity=&#8221;1&#8243; background_hover_color_opacity=&#8221;1&#8243; column_shadow=&#8221;none&#8221; width=&#8221;1\/1&#8243; tablet_text_alignment=&#8221;default&#8221; phone_text_alignment=&#8221;default&#8221; column_border_width=&#8221;none&#8221; column_border_style=&#8221;solid&#8221;][vc_column_text] Iscrpan pregled podru\u010dja na\u0161e prakse! [\/vc_column_text][\/vc_column][\/vc_row][vc_row type=&#8221;full_width_background&#8221; full_screen_row_position=&#8221;middle&#8221; scene_position=&#8221;center&#8221; text_color=&#8221;dark&#8221; text_align=&#8221;left&#8221; top_padding=&#8221;80&#8243; bottom_padding=&#8221;40&#8243; overlay_strength=&#8221;0.3&#8243;][vc_column enable_animation=&#8221;true&#8221; animation=&#8221;fade-in-from-bottom&#8221; column_padding=&#8221;no-extra-padding&#8221;...\" \/>\n<meta property=\"og:url\" content=\"https:\/\/www.vukmir.net\/hr\/opseg-usluga\/\" \/>\n<meta property=\"og:site_name\" content=\"Vukmir and Associates\" \/>\n<meta property=\"article:modified_time\" content=\"2020-01-14T16:14:18+00:00\" \/>\n<meta property=\"og:image\" content=\"https:\/\/www.vukmir.net\/wp-content\/uploads\/2015\/07\/KAL6320.jpg\" \/>\n\t<meta property=\"og:image:width\" content=\"1920\" \/>\n\t<meta property=\"og:image:height\" content=\"1278\" \/>\n\t<meta property=\"og:image:type\" content=\"image\/jpeg\" \/>\n<meta name=\"twitter:card\" content=\"summary_large_image\" \/>\n<meta name=\"twitter:label1\" content=\"Procijenjeno vrijeme \u010ditanja\" \/>\n\t<meta name=\"twitter:data1\" content=\"4 minute\" \/>\n<script type=\"application\/ld+json\" class=\"yoast-schema-graph\">{\"@context\":\"https:\/\/schema.org\",\"@graph\":[{\"@type\":\"WebPage\",\"@id\":\"https:\/\/www.vukmir.net\/hr\/opseg-usluga\/\",\"url\":\"https:\/\/www.vukmir.net\/hr\/opseg-usluga\/\",\"name\":\"Opseg usluga - Vukmir and Associates\",\"isPartOf\":{\"@id\":\"https:\/\/www.vukmir.net\/#website\"},\"datePublished\":\"2017-05-11T11:23:07+00:00\",\"dateModified\":\"2020-01-14T16:14:18+00:00\",\"breadcrumb\":{\"@id\":\"https:\/\/www.vukmir.net\/hr\/opseg-usluga\/#breadcrumb\"},\"inLanguage\":\"hr\",\"potentialAction\":[{\"@type\":\"ReadAction\",\"target\":[\"https:\/\/www.vukmir.net\/hr\/opseg-usluga\/\"]}]},{\"@type\":\"BreadcrumbList\",\"@id\":\"https:\/\/www.vukmir.net\/hr\/opseg-usluga\/#breadcrumb\",\"itemListElement\":[{\"@type\":\"ListItem\",\"position\":1,\"name\":\"Home\",\"item\":\"https:\/\/www.vukmir.net\/hr\/\"},{\"@type\":\"ListItem\",\"position\":2,\"name\":\"Opseg usluga\"}]},{\"@type\":\"WebSite\",\"@id\":\"https:\/\/www.vukmir.net\/#website\",\"url\":\"https:\/\/www.vukmir.net\/\",\"name\":\"Vukmir and Associates\",\"description\":\"A new direction in IP and IA legal services\",\"potentialAction\":[{\"@type\":\"SearchAction\",\"target\":{\"@type\":\"EntryPoint\",\"urlTemplate\":\"https:\/\/www.vukmir.net\/?s={search_term_string}\"},\"query-input\":{\"@type\":\"PropertyValueSpecification\",\"valueRequired\":true,\"valueName\":\"search_term_string\"}}],\"inLanguage\":\"hr\"}]}<\/script>\n<!-- \/ Yoast SEO plugin. -->","yoast_head_json":{"title":"Opseg usluga - Vukmir and Associates","robots":{"index":"index","follow":"follow","max-snippet":"max-snippet:-1","max-image-preview":"max-image-preview:large","max-video-preview":"max-video-preview:-1"},"canonical":"https:\/\/www.vukmir.net\/hr\/opseg-usluga\/","og_locale":"hr_HR","og_type":"article","og_title":"Opseg usluga - Vukmir and Associates","og_description":"[vc_row type=&#8221;full_width_background&#8221; full_screen_row_position=&#8221;middle&#8221; bg_image=&#8221;6165&#8243; bg_position=&#8221;left top&#8221; bg_repeat=&#8221;no-repeat&#8221; scene_position=&#8221;top&#8221; layer_one_image=&#8221;6166&#8243; layer_one_strength=&#8221;0.3&#8243; layer_two_image=&#8221;5373&#8243; layer_two_strength=&#8221;0.4&#8243; text_color=&#8221;light&#8221; text_align=&#8221;left&#8221; top_padding=&#8221;160&#8243; bottom_padding=&#8221;120&#8243; enable_gradient=&#8221;true&#8221; color_overlay=&#8221;#0a0a0a&#8221; color_overlay_2=&#8221;#5f5f5f&#8221; gradient_direction=&#8221;left_to_right&#8221; overlay_strength=&#8221;0.5&#8243;][vc_column enable_animation=&#8221;true&#8221; animation=&#8221;fade-in&#8221; column_padding=&#8221;no-extra-padding&#8221; column_padding_position=&#8221;all&#8221; background_color_opacity=&#8221;1&#8243; background_hover_color_opacity=&#8221;1&#8243; column_shadow=&#8221;none&#8221; width=&#8221;1\/1&#8243; tablet_text_alignment=&#8221;default&#8221; phone_text_alignment=&#8221;default&#8221; column_border_width=&#8221;none&#8221; column_border_style=&#8221;solid&#8221;][vc_column_text] Iscrpan pregled podru\u010dja na\u0161e prakse! [\/vc_column_text][\/vc_column][\/vc_row][vc_row type=&#8221;full_width_background&#8221; full_screen_row_position=&#8221;middle&#8221; scene_position=&#8221;center&#8221; text_color=&#8221;dark&#8221; text_align=&#8221;left&#8221; top_padding=&#8221;80&#8243; bottom_padding=&#8221;40&#8243; overlay_strength=&#8221;0.3&#8243;][vc_column enable_animation=&#8221;true&#8221; animation=&#8221;fade-in-from-bottom&#8221; column_padding=&#8221;no-extra-padding&#8221;...","og_url":"https:\/\/www.vukmir.net\/hr\/opseg-usluga\/","og_site_name":"Vukmir and Associates","article_modified_time":"2020-01-14T16:14:18+00:00","og_image":[{"width":1920,"height":1278,"url":"https:\/\/www.vukmir.net\/wp-content\/uploads\/2015\/07\/KAL6320.jpg","type":"image\/jpeg"}],"twitter_card":"summary_large_image","twitter_misc":{"Procijenjeno vrijeme \u010ditanja":"4 minute"},"schema":{"@context":"https:\/\/schema.org","@graph":[{"@type":"WebPage","@id":"https:\/\/www.vukmir.net\/hr\/opseg-usluga\/","url":"https:\/\/www.vukmir.net\/hr\/opseg-usluga\/","name":"Opseg usluga - Vukmir and Associates","isPartOf":{"@id":"https:\/\/www.vukmir.net\/#website"},"datePublished":"2017-05-11T11:23:07+00:00","dateModified":"2020-01-14T16:14:18+00:00","breadcrumb":{"@id":"https:\/\/www.vukmir.net\/hr\/opseg-usluga\/#breadcrumb"},"inLanguage":"hr","potentialAction":[{"@type":"ReadAction","target":["https:\/\/www.vukmir.net\/hr\/opseg-usluga\/"]}]},{"@type":"BreadcrumbList","@id":"https:\/\/www.vukmir.net\/hr\/opseg-usluga\/#breadcrumb","itemListElement":[{"@type":"ListItem","position":1,"name":"Home","item":"https:\/\/www.vukmir.net\/hr\/"},{"@type":"ListItem","position":2,"name":"Opseg usluga"}]},{"@type":"WebSite","@id":"https:\/\/www.vukmir.net\/#website","url":"https:\/\/www.vukmir.net\/","name":"Vukmir and Associates","description":"A new direction in IP and IA legal services","potentialAction":[{"@type":"SearchAction","target":{"@type":"EntryPoint","urlTemplate":"https:\/\/www.vukmir.net\/?s={search_term_string}"},"query-input":{"@type":"PropertyValueSpecification","valueRequired":true,"valueName":"search_term_string"}}],"inLanguage":"hr"}]}},"_links":{"self":[{"href":"https:\/\/www.vukmir.net\/hr\/wp-json\/wp\/v2\/pages\/6899","targetHints":{"allow":["GET"]}}],"collection":[{"href":"https:\/\/www.vukmir.net\/hr\/wp-json\/wp\/v2\/pages"}],"about":[{"href":"https:\/\/www.vukmir.net\/hr\/wp-json\/wp\/v2\/types\/page"}],"author":[{"embeddable":true,"href":"https:\/\/www.vukmir.net\/hr\/wp-json\/wp\/v2\/users\/2"}],"replies":[{"embeddable":true,"href":"https:\/\/www.vukmir.net\/hr\/wp-json\/wp\/v2\/comments?post=6899"}],"version-history":[{"count":0,"href":"https:\/\/www.vukmir.net\/hr\/wp-json\/wp\/v2\/pages\/6899\/revisions"}],"wp:attachment":[{"href":"https:\/\/www.vukmir.net\/hr\/wp-json\/wp\/v2\/media?parent=6899"}],"curies":[{"name":"wp","href":"https:\/\/api.w.org\/{rel}","templated":true}]}}