{"id":6898,"date":"2017-05-11T11:22:52","date_gmt":"2017-05-11T11:22:52","guid":{"rendered":"http:\/\/www.vukmir.net\/?page_id=6898\/"},"modified":"2020-01-14T16:14:18","modified_gmt":"2020-01-14T16:14:18","slug":"strateske-usluge-koje-poticu-rast","status":"publish","type":"page","link":"https:\/\/www.vukmir.net\/hr\/strateske-usluge-koje-poticu-rast\/","title":{"rendered":"Strate\u0161ke usluge koje poti\u010du rast"},"content":{"rendered":"[vc_row type=&#8221;in_container&#8221; full_screen_row_position=&#8221;middle&#8221; scene_position=&#8221;center&#8221; text_color=&#8221;dark&#8221; text_align=&#8221;left&#8221; overlay_strength=&#8221;0.3&#8243;][vc_column column_padding=&#8221;no-extra-padding&#8221; column_padding_position=&#8221;all&#8221; background_color_opacity=&#8221;1&#8243; background_hover_color_opacity=&#8221;1&#8243; column_shadow=&#8221;none&#8221; width=&#8221;1\/1&#8243; tablet_text_alignment=&#8221;default&#8221; phone_text_alignment=&#8221;default&#8221; column_border_width=&#8221;none&#8221; column_border_style=&#8221;solid&#8221;]\r\n    <div class=\"col span_12 section-title text-align-center extra-padding\">\r\n\t\t<h2>\n<h2>Strate\u0161ke usluge za poduzetnike koje poti\u010du rast<\/h2>\n<\/h2><\/div><div class=\"clear\"><\/div>[\/vc_column][\/vc_row][vc_row type=&#8221;in_container&#8221; full_screen_row_position=&#8221;middle&#8221; scene_position=&#8221;center&#8221; text_color=&#8221;dark&#8221; text_align=&#8221;left&#8221; overlay_strength=&#8221;0.3&#8243;][vc_column enable_animation=&#8221;true&#8221; animation=&#8221;fade-in-from-left&#8221; column_padding=&#8221;padding-3-percent&#8221; column_padding_position=&#8221;all&#8221; background_color_opacity=&#8221;1&#8243; background_hover_color_opacity=&#8221;1&#8243; column_shadow=&#8221;none&#8221; width=&#8221;1\/2&#8243; tablet_text_alignment=&#8221;default&#8221; phone_text_alignment=&#8221;default&#8221; column_border_width=&#8221;none&#8221; column_border_style=&#8221;solid&#8221;][vc_column_text]\n<h4>Va\u0161e intelektualno vlasni\u0161tvo smatramo Va\u0161om nematerijalnom imovinom i znamo \u0161to ono mo\u017ee zna\u010diti za Va\u0161u poslovnu strategiju<\/h4>\n<hr \/>\n<p>Intelektualno vlasni\u0161tvo i nematerijalna imovina igraju klju\u010dnu ulogu u strate\u0161kim ciljevima poslovnog subjekta. Dok se ugledna dru\u0161tva mogu nalaziti u raznim fazama kori\u0161tenja navedene imovine, poduzetnici su na samim po\u010decima u osmi\u0161ljavanju svoje kratkoro\u010dne i dugoro\u010dne vizije.<\/p>\n<p>Na\u0161e bogato savjetni\u010dko i zastupni\u010dko iskustvo u pravu intelektualnog vlasni\u0161tva pru\u017ea, dakle, \u0161iri pogled i bazu znanja o najboljoj praksi o na\u010dinu na koji intelektualno vlasni\u0161tvo oblikuje poslovnu strategiju. Osobito za nove poslovne subjekte s neiskori\u0161tenim intelektualnim vlasni\u0161tvom i nematerijalnom imovinom, nudimo niz odabranih tipova obuke koja \u0107e generirati pravilno koncepcijsko poimanje vrijednosti nematerijalne imovine unutar Va\u0161e organizacije uz prakti\u010dnu obuku Va\u0161ih zaposlenika.<\/p>\n<p>Pomo\u0107i \u0107e Vam sljede\u0107a rje\u0161enja:<\/p>\n<ul>\n<li>Ocjenjivanje i fokusiranje strategije izgradnje i odr\u017eavanja portfelja IV<\/li>\n<li>Optimizacija tro\u0161kova izgradnje i odr\u017eavanja portfelja IV<\/li>\n<li>Stvaranje dosljednog koncepcijskog okvira nad strate\u0161kim ciljevima<\/li>\n<li>Obu\u010davanje radne snage od rukovode\u0107eg do prodajnog osoblja<\/li>\n<\/ul>\n[\/vc_column_text]<div class=\"divider-wrap\"><div style=\"height: 40px;\" class=\"divider\"><\/div><\/div>[vc_column_text]\n<h4>Strate\u0161ko upravljanje portfeljem nematerijalne imovine<\/h4>\n<hr \/>\n<ul>\n<li>Prepoznavanje mjerivog niza faktora koji utje\u010du na vrijednost nematerijalne imovine<\/li>\n<li>Pru\u017eanje za\u0161tite radi pove\u0107anja vrijednosti dru\u0161tva<\/li>\n<li>Definiranje budu\u0107e strate\u0161ke vrijednosti nematerijalne imovine<\/li>\n<li>Izgradnja pravilne politike za\u0161tite poslovne tajne<\/li>\n<li>Izrada infrastrukture za\u0161tite poslovnih tajni (ugovori o radu, NDA, pravilnici, standardi)<\/li>\n<\/ul>\n[\/vc_column_text]<div class=\"divider-wrap\"><div style=\"height: 40px;\" class=\"divider\"><\/div><\/div>[vc_column_text]\n<h4>Osnove strukturiranja portfelja patenata<\/h4>\n<hr \/>\n<ul>\n<li>Smanjenje tro\u0161kova prepoznavanjem suvi\u0161nih elemenata<\/li>\n<li>Rje\u0161avanje ekstremnih tro\u0161kova patentne za\u0161tite putem strategija povoljnog sastavljanja i pravilnog teritorijalnog odabira<\/li>\n<li>Razumno formiranje patentnih obitelji<\/li>\n<\/ul>\n[\/vc_column_text][\/vc_column][vc_column enable_animation=&#8221;true&#8221; animation=&#8221;fade-in-from-right&#8221; column_padding=&#8221;padding-3-percent&#8221; column_padding_position=&#8221;all&#8221; background_color_opacity=&#8221;1&#8243; background_hover_color_opacity=&#8221;1&#8243; column_shadow=&#8221;none&#8221; width=&#8221;1\/2&#8243; tablet_text_alignment=&#8221;default&#8221; phone_text_alignment=&#8221;default&#8221; column_border_width=&#8221;none&#8221; column_border_style=&#8221;solid&#8221; delay=&#8221;200&#8243;][vc_column_text]\n<h4>Prakti\u010dno strukturiranje i upravljanje portfeljem \u017eigova<\/h4>\n<hr \/>\n<ul>\n<li>Prikazivanje vrijednosti prava intelektualnog vlasni\u0161tva \u010dlanovima dru\u0161tva putem me\u0111unarodnih ra\u010dunovodstvenih standarda (partnerstvo s revizorima)<\/li>\n<li>Upravljanje nematerijalnom imovinom u stvarnom svijetu<\/li>\n<li>Optimizacija upravljanja tro\u0161kovima putem naprednih strategija za\u0161tite<\/li>\n<li>Davanje prednosti unaprijed strukturiranoj hijerarhiji \u017eigovnih obitelji koje omogu\u0107uju ubrzanje reakcije u za\u0161titi i izvr\u0161enju prava uz istovremeno smanjenje tro\u0161kova i vremenskog trajanja odluke i radnji<\/li>\n<li>Optimizacija upravljanja tro\u0161kovima putem naprednih strategija za\u0161tite<\/li>\n<\/ul>\n[\/vc_column_text]<div class=\"divider-wrap\"><div style=\"height: 40px;\" class=\"divider\"><\/div><\/div>[vc_column_text]\n<h4>Odabir pravog poslovnog modela za unov\u010denje va\u0161ih prava intelektualnog vlasni\u0161tva<\/h4>\n<hr \/>\n<ul>\n<li>Pobolj\u0161anje globalnog razumijevanja unutar firme od zaposlenika do upravitelja o na\u010dinu na koji nematerijalna imovina utje\u010de na poslovnu strategiju<\/li>\n<li>Informiranost o zemljopisnim karakteristikama modernih regionalnih i globalnih tr\u017ei\u0161ta te planiranje u skladu s istima<\/li>\n<li>Razumijevanje prijenosa, licenciranja, zajedni\u010dkih ulaganja i ostalih opcija komercijalizacije<\/li>\n<li>Paket usluga vezanih uz osnivanje, radne i ugovorne odnose i ostale usluge po principu \u201eone stop shop\u201c<\/li>\n<\/ul>\n[\/vc_column_text]<div class=\"divider-wrap\"><div style=\"height: 40px;\" class=\"divider\"><\/div><\/div>[vc_column_text]\n<h4>Obuka<\/h4>\n<hr \/>\n<ul>\n<li>Hijerarhijama (od prodajnog do rukovode\u0107eg osoblja) se stvara tematski interni dijalog radi stjecanja zajedni\u010dkih znanja i pove\u0107ane tr\u017ei\u0161ne svijest<\/li>\n<li>Informiranost o zemljopisnim karakteristikama modernih regionalnih i globalnih tr\u017ei\u0161ta te planiranje u skladu s istima<\/li>\n<li>Prilago\u0111ena interaktivna obuka u trajanju od jednog sata do vi\u0161e dana za ve\u0107e ili manje skupine<\/li>\n<li>Stvaranje u\u0161tede, produktivnosti i dodane vrijednosti za \u010dlanove dru\u0161tva<\/li>\n<\/ul>\n[\/vc_column_text][\/vc_column][\/vc_row][vc_row type=&#8221;in_container&#8221; full_screen_row_position=&#8221;middle&#8221; scene_position=&#8221;center&#8221; text_color=&#8221;dark&#8221; text_align=&#8221;left&#8221; overlay_strength=&#8221;0.3&#8243;][vc_column column_padding=&#8221;no-extra-padding&#8221; column_padding_position=&#8221;all&#8221; background_color_opacity=&#8221;1&#8243; background_hover_color_opacity=&#8221;1&#8243; column_shadow=&#8221;none&#8221; width=&#8221;1\/1&#8243; tablet_text_alignment=&#8221;default&#8221; phone_text_alignment=&#8221;default&#8221; column_border_width=&#8221;none&#8221; column_border_style=&#8221;solid&#8221;]<div class=\"divider-wrap\"><div style=\"margin-top: 2px; height: 1px; margin-bottom: 2px;\" data-width=\"100%\" data-animate=\"\" data-animation-delay=\"\" data-color=\"default\" class=\"divider-border\"><\/div><\/div>[\/vc_column][\/vc_row][vc_row type=&#8221;in_container&#8221; full_screen_row_position=&#8221;middle&#8221; scene_position=&#8221;center&#8221; text_color=&#8221;dark&#8221; text_align=&#8221;left&#8221; overlay_strength=&#8221;0.3&#8243;][vc_column column_padding=&#8221;no-extra-padding&#8221; column_padding_position=&#8221;all&#8221; background_color_opacity=&#8221;1&#8243; background_hover_color_opacity=&#8221;1&#8243; column_shadow=&#8221;none&#8221; width=&#8221;1\/4&#8243; tablet_text_alignment=&#8221;default&#8221; phone_text_alignment=&#8221;default&#8221; column_border_width=&#8221;none&#8221; column_border_style=&#8221;solid&#8221;][vc_column_text]\n<p style=\"text-align: center;\"><a href=\"https:\/\/www.vukmir.net\/hr\/korporativne-trgovacke-i-bankarske-pravne-usluge\/\">Trgova\u010dko pravo i pravo dru\u0161tava<\/a><\/p>\n[\/vc_column_text][\/vc_column][vc_column column_padding=&#8221;no-extra-padding&#8221; column_padding_position=&#8221;all&#8221; background_color_opacity=&#8221;1&#8243; background_hover_color_opacity=&#8221;1&#8243; column_shadow=&#8221;none&#8221; width=&#8221;1\/4&#8243; tablet_text_alignment=&#8221;default&#8221; phone_text_alignment=&#8221;default&#8221; column_border_width=&#8221;none&#8221; column_border_style=&#8221;solid&#8221;][vc_column_text]\n<p style=\"text-align: center;\"><a href=\"https:\/\/www.vukmir.net\/hr\/zastita-patenata-i-zigova\/\">Patenti i \u017eigovi<\/a><\/p>\n[\/vc_column_text][\/vc_column][vc_column column_padding=&#8221;no-extra-padding&#8221; column_padding_position=&#8221;all&#8221; background_color_opacity=&#8221;1&#8243; background_hover_color_opacity=&#8221;1&#8243; column_shadow=&#8221;none&#8221; width=&#8221;1\/4&#8243; tablet_text_alignment=&#8221;default&#8221; phone_text_alignment=&#8221;default&#8221; column_border_width=&#8221;none&#8221; column_border_style=&#8221;solid&#8221;][vc_column_text]\n<p style=\"text-align: center;\"><a href=\"https:\/\/www.vukmir.net\/hr\/napredno-rjesavanje-sporova\/\">Napredno rje\u0161avanje sporova<\/a><\/p>\n[\/vc_column_text][\/vc_column][vc_column column_padding=&#8221;no-extra-padding&#8221; column_padding_position=&#8221;all&#8221; background_color_opacity=&#8221;1&#8243; background_hover_color_opacity=&#8221;1&#8243; column_shadow=&#8221;none&#8221; width=&#8221;1\/4&#8243; tablet_text_alignment=&#8221;default&#8221; phone_text_alignment=&#8221;default&#8221; column_border_width=&#8221;none&#8221; column_border_style=&#8221;solid&#8221;][vc_column_text]\n<p style=\"text-align: center;\"><a href=\"https:\/\/www.vukmir.net\/hr\/napredno-pravo-intelektualnog-vlasnistva\/\">Napredno intelektualno vlasni\u0161tvo<\/a><\/p>\n[\/vc_column_text][\/vc_column][\/vc_row]\n","protected":false},"excerpt":{"rendered":"<p>[vc_row type=&#8221;in_container&#8221; full_screen_row_position=&#8221;middle&#8221; scene_position=&#8221;center&#8221; text_color=&#8221;dark&#8221; text_align=&#8221;left&#8221; overlay_strength=&#8221;0.3&#8243;][vc_column column_padding=&#8221;no-extra-padding&#8221; column_padding_position=&#8221;all&#8221; background_color_opacity=&#8221;1&#8243; background_hover_color_opacity=&#8221;1&#8243; column_shadow=&#8221;none&#8221; width=&#8221;1\/1&#8243; tablet_text_alignment=&#8221;default&#8221; phone_text_alignment=&#8221;default&#8221; column_border_width=&#8221;none&#8221; column_border_style=&#8221;solid&#8221;][\/vc_column][\/vc_row][vc_row type=&#8221;in_container&#8221; full_screen_row_position=&#8221;middle&#8221; scene_position=&#8221;center&#8221; text_color=&#8221;dark&#8221; text_align=&#8221;left&#8221; overlay_strength=&#8221;0.3&#8243;][vc_column enable_animation=&#8221;true&#8221; animation=&#8221;fade-in-from-left&#8221; column_padding=&#8221;padding-3-percent&#8221; column_padding_position=&#8221;all&#8221; background_color_opacity=&#8221;1&#8243; background_hover_color_opacity=&#8221;1&#8243; column_shadow=&#8221;none&#8221; width=&#8221;1\/2&#8243; tablet_text_alignment=&#8221;default&#8221; phone_text_alignment=&#8221;default&#8221; column_border_width=&#8221;none&#8221; column_border_style=&#8221;solid&#8221;][vc_column_text] Va\u0161e intelektualno vlasni\u0161tvo smatramo Va\u0161om nematerijalnom imovinom i znamo \u0161to ono mo\u017ee zna\u010diti za Va\u0161u&#8230;<\/p>\n","protected":false},"author":2,"featured_media":0,"parent":0,"menu_order":0,"comment_status":"closed","ping_status":"closed","template":"","meta":{"footnotes":""},"class_list":["post-6898","page","type-page","status-publish","hentry"],"yoast_head":"<!-- This site is optimized with the Yoast SEO plugin v24.6 - https:\/\/yoast.com\/wordpress\/plugins\/seo\/ -->\n<title>Strate\u0161ke usluge koje poti\u010du rast - Vukmir and Associates<\/title>\n<meta name=\"robots\" content=\"index, follow, max-snippet:-1, max-image-preview:large, max-video-preview:-1\" \/>\n<link rel=\"canonical\" href=\"https:\/\/www.vukmir.net\/hr\/strateske-usluge-koje-poticu-rast\/\" \/>\n<meta property=\"og:locale\" content=\"hr_HR\" \/>\n<meta property=\"og:type\" content=\"article\" \/>\n<meta property=\"og:title\" content=\"Strate\u0161ke usluge koje poti\u010du rast - Vukmir and Associates\" \/>\n<meta property=\"og:description\" content=\"[vc_row type=&#8221;in_container&#8221; full_screen_row_position=&#8221;middle&#8221; scene_position=&#8221;center&#8221; text_color=&#8221;dark&#8221; text_align=&#8221;left&#8221; overlay_strength=&#8221;0.3&#8243;][vc_column column_padding=&#8221;no-extra-padding&#8221; column_padding_position=&#8221;all&#8221; background_color_opacity=&#8221;1&#8243; background_hover_color_opacity=&#8221;1&#8243; column_shadow=&#8221;none&#8221; width=&#8221;1\/1&#8243; tablet_text_alignment=&#8221;default&#8221; phone_text_alignment=&#8221;default&#8221; column_border_width=&#8221;none&#8221; column_border_style=&#8221;solid&#8221;][\/vc_column][\/vc_row][vc_row type=&#8221;in_container&#8221; full_screen_row_position=&#8221;middle&#8221; scene_position=&#8221;center&#8221; text_color=&#8221;dark&#8221; text_align=&#8221;left&#8221; overlay_strength=&#8221;0.3&#8243;][vc_column enable_animation=&#8221;true&#8221; animation=&#8221;fade-in-from-left&#8221; column_padding=&#8221;padding-3-percent&#8221; column_padding_position=&#8221;all&#8221; background_color_opacity=&#8221;1&#8243; background_hover_color_opacity=&#8221;1&#8243; column_shadow=&#8221;none&#8221; width=&#8221;1\/2&#8243; tablet_text_alignment=&#8221;default&#8221; phone_text_alignment=&#8221;default&#8221; column_border_width=&#8221;none&#8221; column_border_style=&#8221;solid&#8221;][vc_column_text] Va\u0161e intelektualno vlasni\u0161tvo smatramo Va\u0161om nematerijalnom imovinom i znamo \u0161to ono mo\u017ee zna\u010diti za Va\u0161u...\" \/>\n<meta property=\"og:url\" content=\"https:\/\/www.vukmir.net\/hr\/strateske-usluge-koje-poticu-rast\/\" \/>\n<meta property=\"og:site_name\" content=\"Vukmir and Associates\" \/>\n<meta property=\"article:modified_time\" content=\"2020-01-14T16:14:18+00:00\" \/>\n<meta property=\"og:image\" content=\"https:\/\/www.vukmir.net\/wp-content\/uploads\/2015\/07\/KAL6320.jpg\" \/>\n\t<meta property=\"og:image:width\" content=\"1920\" \/>\n\t<meta property=\"og:image:height\" content=\"1278\" \/>\n\t<meta property=\"og:image:type\" content=\"image\/jpeg\" \/>\n<meta name=\"twitter:card\" content=\"summary_large_image\" \/>\n<meta name=\"twitter:label1\" content=\"Procijenjeno vrijeme \u010ditanja\" \/>\n\t<meta name=\"twitter:data1\" content=\"5 minuta\" \/>\n<script type=\"application\/ld+json\" class=\"yoast-schema-graph\">{\"@context\":\"https:\/\/schema.org\",\"@graph\":[{\"@type\":\"WebPage\",\"@id\":\"https:\/\/www.vukmir.net\/hr\/strateske-usluge-koje-poticu-rast\/\",\"url\":\"https:\/\/www.vukmir.net\/hr\/strateske-usluge-koje-poticu-rast\/\",\"name\":\"Strate\u0161ke usluge koje poti\u010du rast - Vukmir and Associates\",\"isPartOf\":{\"@id\":\"https:\/\/www.vukmir.net\/#website\"},\"datePublished\":\"2017-05-11T11:22:52+00:00\",\"dateModified\":\"2020-01-14T16:14:18+00:00\",\"breadcrumb\":{\"@id\":\"https:\/\/www.vukmir.net\/hr\/strateske-usluge-koje-poticu-rast\/#breadcrumb\"},\"inLanguage\":\"hr\",\"potentialAction\":[{\"@type\":\"ReadAction\",\"target\":[\"https:\/\/www.vukmir.net\/hr\/strateske-usluge-koje-poticu-rast\/\"]}]},{\"@type\":\"BreadcrumbList\",\"@id\":\"https:\/\/www.vukmir.net\/hr\/strateske-usluge-koje-poticu-rast\/#breadcrumb\",\"itemListElement\":[{\"@type\":\"ListItem\",\"position\":1,\"name\":\"Home\",\"item\":\"https:\/\/www.vukmir.net\/hr\/\"},{\"@type\":\"ListItem\",\"position\":2,\"name\":\"Strate\u0161ke usluge koje poti\u010du rast\"}]},{\"@type\":\"WebSite\",\"@id\":\"https:\/\/www.vukmir.net\/#website\",\"url\":\"https:\/\/www.vukmir.net\/\",\"name\":\"Vukmir and Associates\",\"description\":\"A new direction in IP and IA legal services\",\"potentialAction\":[{\"@type\":\"SearchAction\",\"target\":{\"@type\":\"EntryPoint\",\"urlTemplate\":\"https:\/\/www.vukmir.net\/?s={search_term_string}\"},\"query-input\":{\"@type\":\"PropertyValueSpecification\",\"valueRequired\":true,\"valueName\":\"search_term_string\"}}],\"inLanguage\":\"hr\"}]}<\/script>\n<!-- \/ Yoast SEO plugin. -->","yoast_head_json":{"title":"Strate\u0161ke usluge koje poti\u010du rast - Vukmir and Associates","robots":{"index":"index","follow":"follow","max-snippet":"max-snippet:-1","max-image-preview":"max-image-preview:large","max-video-preview":"max-video-preview:-1"},"canonical":"https:\/\/www.vukmir.net\/hr\/strateske-usluge-koje-poticu-rast\/","og_locale":"hr_HR","og_type":"article","og_title":"Strate\u0161ke usluge koje poti\u010du rast - Vukmir and Associates","og_description":"[vc_row type=&#8221;in_container&#8221; full_screen_row_position=&#8221;middle&#8221; scene_position=&#8221;center&#8221; text_color=&#8221;dark&#8221; text_align=&#8221;left&#8221; overlay_strength=&#8221;0.3&#8243;][vc_column column_padding=&#8221;no-extra-padding&#8221; column_padding_position=&#8221;all&#8221; background_color_opacity=&#8221;1&#8243; background_hover_color_opacity=&#8221;1&#8243; column_shadow=&#8221;none&#8221; width=&#8221;1\/1&#8243; tablet_text_alignment=&#8221;default&#8221; phone_text_alignment=&#8221;default&#8221; column_border_width=&#8221;none&#8221; column_border_style=&#8221;solid&#8221;][\/vc_column][\/vc_row][vc_row type=&#8221;in_container&#8221; full_screen_row_position=&#8221;middle&#8221; scene_position=&#8221;center&#8221; text_color=&#8221;dark&#8221; text_align=&#8221;left&#8221; overlay_strength=&#8221;0.3&#8243;][vc_column enable_animation=&#8221;true&#8221; animation=&#8221;fade-in-from-left&#8221; column_padding=&#8221;padding-3-percent&#8221; column_padding_position=&#8221;all&#8221; background_color_opacity=&#8221;1&#8243; background_hover_color_opacity=&#8221;1&#8243; column_shadow=&#8221;none&#8221; width=&#8221;1\/2&#8243; tablet_text_alignment=&#8221;default&#8221; phone_text_alignment=&#8221;default&#8221; column_border_width=&#8221;none&#8221; column_border_style=&#8221;solid&#8221;][vc_column_text] Va\u0161e intelektualno vlasni\u0161tvo smatramo Va\u0161om nematerijalnom imovinom i znamo \u0161to ono mo\u017ee zna\u010diti za Va\u0161u...","og_url":"https:\/\/www.vukmir.net\/hr\/strateske-usluge-koje-poticu-rast\/","og_site_name":"Vukmir and Associates","article_modified_time":"2020-01-14T16:14:18+00:00","og_image":[{"width":1920,"height":1278,"url":"https:\/\/www.vukmir.net\/wp-content\/uploads\/2015\/07\/KAL6320.jpg","type":"image\/jpeg"}],"twitter_card":"summary_large_image","twitter_misc":{"Procijenjeno vrijeme \u010ditanja":"5 minuta"},"schema":{"@context":"https:\/\/schema.org","@graph":[{"@type":"WebPage","@id":"https:\/\/www.vukmir.net\/hr\/strateske-usluge-koje-poticu-rast\/","url":"https:\/\/www.vukmir.net\/hr\/strateske-usluge-koje-poticu-rast\/","name":"Strate\u0161ke usluge koje poti\u010du rast - Vukmir and Associates","isPartOf":{"@id":"https:\/\/www.vukmir.net\/#website"},"datePublished":"2017-05-11T11:22:52+00:00","dateModified":"2020-01-14T16:14:18+00:00","breadcrumb":{"@id":"https:\/\/www.vukmir.net\/hr\/strateske-usluge-koje-poticu-rast\/#breadcrumb"},"inLanguage":"hr","potentialAction":[{"@type":"ReadAction","target":["https:\/\/www.vukmir.net\/hr\/strateske-usluge-koje-poticu-rast\/"]}]},{"@type":"BreadcrumbList","@id":"https:\/\/www.vukmir.net\/hr\/strateske-usluge-koje-poticu-rast\/#breadcrumb","itemListElement":[{"@type":"ListItem","position":1,"name":"Home","item":"https:\/\/www.vukmir.net\/hr\/"},{"@type":"ListItem","position":2,"name":"Strate\u0161ke usluge koje poti\u010du rast"}]},{"@type":"WebSite","@id":"https:\/\/www.vukmir.net\/#website","url":"https:\/\/www.vukmir.net\/","name":"Vukmir and Associates","description":"A new direction in IP and IA legal services","potentialAction":[{"@type":"SearchAction","target":{"@type":"EntryPoint","urlTemplate":"https:\/\/www.vukmir.net\/?s={search_term_string}"},"query-input":{"@type":"PropertyValueSpecification","valueRequired":true,"valueName":"search_term_string"}}],"inLanguage":"hr"}]}},"_links":{"self":[{"href":"https:\/\/www.vukmir.net\/hr\/wp-json\/wp\/v2\/pages\/6898","targetHints":{"allow":["GET"]}}],"collection":[{"href":"https:\/\/www.vukmir.net\/hr\/wp-json\/wp\/v2\/pages"}],"about":[{"href":"https:\/\/www.vukmir.net\/hr\/wp-json\/wp\/v2\/types\/page"}],"author":[{"embeddable":true,"href":"https:\/\/www.vukmir.net\/hr\/wp-json\/wp\/v2\/users\/2"}],"replies":[{"embeddable":true,"href":"https:\/\/www.vukmir.net\/hr\/wp-json\/wp\/v2\/comments?post=6898"}],"version-history":[{"count":0,"href":"https:\/\/www.vukmir.net\/hr\/wp-json\/wp\/v2\/pages\/6898\/revisions"}],"wp:attachment":[{"href":"https:\/\/www.vukmir.net\/hr\/wp-json\/wp\/v2\/media?parent=6898"}],"curies":[{"name":"wp","href":"https:\/\/api.w.org\/{rel}","templated":true}]}}